{"id":2,"date":"2024-07-30T20:24:36","date_gmt":"2024-07-30T20:24:36","guid":{"rendered":"http:\/\/tjseqqc.cluster027.hosting.ovh.net\/?page_id=2"},"modified":"2026-02-24T23:08:47","modified_gmt":"2026-02-24T23:08:47","slug":"o-nas","status":"publish","type":"page","link":"https:\/\/sipsrodaslaska.pl\/index.php\/o-nas\/","title":{"rendered":"O \u015aredzkim Inkubatorze Przedsi\u0119biorczo\u015bci"},"content":{"rendered":"\n<p><strong>W marcu 2023 roku \u015aroda \u015al\u0105ska do\u0142\u0105czy\u0142a do grona gmin, kt\u00f3re otwieraj\u0105 si\u0119 na potrzeby lokalnego biznesu, oferuj\u0105c przedsi\u0119biorcom komfortow\u0105 przestrze\u0144 biurow\u0105 oraz doskonale wyposa\u017cone zaplecze szkoleniowe. <\/strong>\u015aredzki Inkubator Przedsi\u0119biorczo\u015bci to tak\u017ce instytucja, kt\u00f3ra wspiera rozw\u00f3j zawodowy oraz dzia\u0142a na rzecz podnoszenia poziomu osobistych kompetencji uczestnik\u00f3w szkole\u0144 i konferencji.<\/p>\n\n\n\n<p>Oferujemy dogodne warunki rozwoju zar\u00f3wno dla nowo powstaj\u0105cych, jak i ju\u017c dzia\u0142aj\u0105cych przedsi\u0119biorstw z sektora M\u015aP. Naszym celem jest zapewnienie kompleksowego wsparcia lokalowego, organizacyjnego oraz doradczego, kt\u00f3re u\u0142atwi przedsi\u0119biorcom funkcjonowanie na rynku i przyczyni si\u0119 do osi\u0105gni\u0119cia sukcesu.<\/p>\n\n\n\n<figure class=\"wp-block-gallery has-nested-images columns-default is-cropped wp-block-gallery-1 is-layout-flex wp-block-gallery-is-layout-flex\">\n<figure class=\"wp-block-image size-large\"><img loading=\"lazy\" decoding=\"async\" width=\"1024\" height=\"576\" data-id=\"161\" src=\"http:\/\/tjseqqc.cluster027.hosting.ovh.net\/wp-content\/uploads\/2024\/08\/kolaz-1024x576.png\" alt=\"\" class=\"wp-image-161\" srcset=\"https:\/\/sipsrodaslaska.pl\/wp-content\/uploads\/2024\/08\/kolaz-1024x576.png 1024w, https:\/\/sipsrodaslaska.pl\/wp-content\/uploads\/2024\/08\/kolaz-300x169.png 300w, https:\/\/sipsrodaslaska.pl\/wp-content\/uploads\/2024\/08\/kolaz-768x432.png 768w, https:\/\/sipsrodaslaska.pl\/wp-content\/uploads\/2024\/08\/kolaz-1536x864.png 1536w, https:\/\/sipsrodaslaska.pl\/wp-content\/uploads\/2024\/08\/kolaz.png 1920w\" sizes=\"auto, (max-width: 1024px) 100vw, 1024px\" \/><\/figure>\n<\/figure>\n\n\n\n<p><strong>Rozwijaj Twoj\u0105 firm\u0119 ze \u015aredzkim Inkubatorem Przedsi\u0119biorczo\u015bci!<\/strong><br>Pracujesz w domu, ale czasem potrzebujesz komfortowego miejsca do spotka\u0144 z klientami? My\u015blisz o organizacji firmowego eventu, lecz nie masz wystarczaj\u0105co du\u017co przestrzeni? Chcia\u0142by\u015b podnosi\u0107 kwalifikacje swoich pracownik\u00f3w, jednak nie masz czasu na organizacj\u0119 szkole\u0144?<\/p>\n\n\n\n<p>Zapraszamy do \u015aredzkiego Inkubatora Przedsi\u0119biorczo\u015bci, gdzie czekaj\u0105 na Ciebie:<\/p>\n\n\n\n<ul class=\"wp-block-list\">\n<li>komfortowa i nowoczesna przestrze\u0144 biurowa &#8211; w tym open space,<\/li>\n\n\n\n<li>\u015bwietnie wyposa\u017cona sala konferencyjna o powierzchni ok. 70 m<sup>2<\/sup>,<\/li>\n\n\n\n<li>pe\u0142ne zaplecze socjalne,<\/li>\n\n\n\n<li>du\u017cy teren zielony,<\/li>\n\n\n\n<li>wygodny parking,<\/li>\n\n\n\n<li>otwarta na wsp\u00f3\u0142prac\u0119 kadra \u015aIP.<\/li>\n<\/ul>\n\n\n\n<p>Opr\u00f3cz tego dzielimy si\u0119 wiedz\u0105 i podpowiadamy, gdzie szuka\u0107 niezb\u0119dnych informacji oraz jak si\u0119 rozwija\u0107 bez ponoszenia dodatkowych koszt\u00f3w. Informujemy r\u00f3wnie\u017c o aktualnych ofertach dotacji i po\u017cyczek na start lub rozw\u00f3j dzia\u0142alno\u015bci. Mo\u017cesz r\u00f3wnie\u017c liczy\u0107 na nasze wsparcie w tworzeniu materia\u0142\u00f3w promocyjnych i marketingowej dla Twojej firmy. <\/p>\n\n\n\n<p><strong>Zadzwo\u0144, napisz lub przyjd\u017a i powiedz, w czym mo\u017cemy Ci pom\u00f3c. Zapraszamy!<\/strong><\/p>\n\n\n\n<p><\/p>\n","protected":false},"excerpt":{"rendered":"<p>W marcu 2023 roku \u015aroda \u015al\u0105ska do\u0142\u0105czy\u0142a do grona gmin, kt\u00f3re otwieraj\u0105 si\u0119 na potrzeby lokalnego biznesu, oferuj\u0105c przedsi\u0119biorcom komfortow\u0105 przestrze\u0144 biurow\u0105 oraz doskonale wyposa\u017cone zaplecze szkoleniowe. \u015aredzki Inkubator Przedsi\u0119biorczo\u015bci to tak\u017ce instytucja, kt\u00f3ra wspiera rozw\u00f3j zawodowy oraz dzia\u0142a na rzecz podnoszenia poziomu osobistych kompetencji uczestnik\u00f3w szkole\u0144 i konferencji. Oferujemy dogodne warunki rozwoju zar\u00f3wno dla&hellip;<\/p>\n","protected":false},"author":1,"featured_media":0,"parent":0,"menu_order":0,"comment_status":"closed","ping_status":"open","template":"","meta":{"footnotes":""},"class_list":["post-2","page","type-page","status-publish","hentry"],"_links":{"self":[{"href":"https:\/\/sipsrodaslaska.pl\/index.php\/wp-json\/wp\/v2\/pages\/2","targetHints":{"allow":["GET"]}}],"collection":[{"href":"https:\/\/sipsrodaslaska.pl\/index.php\/wp-json\/wp\/v2\/pages"}],"about":[{"href":"https:\/\/sipsrodaslaska.pl\/index.php\/wp-json\/wp\/v2\/types\/page"}],"author":[{"embeddable":true,"href":"https:\/\/sipsrodaslaska.pl\/index.php\/wp-json\/wp\/v2\/users\/1"}],"replies":[{"embeddable":true,"href":"https:\/\/sipsrodaslaska.pl\/index.php\/wp-json\/wp\/v2\/comments?post=2"}],"version-history":[{"count":9,"href":"https:\/\/sipsrodaslaska.pl\/index.php\/wp-json\/wp\/v2\/pages\/2\/revisions"}],"predecessor-version":[{"id":766,"href":"https:\/\/sipsrodaslaska.pl\/index.php\/wp-json\/wp\/v2\/pages\/2\/revisions\/766"}],"wp:attachment":[{"href":"https:\/\/sipsrodaslaska.pl\/index.php\/wp-json\/wp\/v2\/media?parent=2"}],"curies":[{"name":"wp","href":"https:\/\/api.w.org\/{rel}","templated":true}]}}