{"id":3,"date":"2024-07-30T20:24:36","date_gmt":"2024-07-30T20:24:36","guid":{"rendered":"http:\/\/tjseqqc.cluster027.hosting.ovh.net\/?page_id=3"},"modified":"2026-02-24T21:34:25","modified_gmt":"2026-02-24T21:34:25","slug":"polityka-prywatnosci","status":"publish","type":"page","link":"https:\/\/sipsrodaslaska.pl\/index.php\/polityka-prywatnosci\/","title":{"rendered":"Polityka prywatno\u015bci"},"content":{"rendered":"\n<h2 class=\"wp-block-heading\"><strong>POLITYKA PRYWATNO\u015aCI<\/strong><\/h2>\n\n\n\n<p><strong>\u015aREDZKIEGO INKUBATORA PRZEDSI\u0118BIORCZO\u015aCI<\/strong><\/p>\n\n\n\n<ol class=\"wp-block-list\">\n<li><strong>Informacje og\u00f3lne<\/strong><\/li>\n<\/ol>\n\n\n\n<p>Administratorem&nbsp; serwisu www.sipsrodaslaska.pl&nbsp; w rozumieniu art. 13 ust. 1 Rozporz\u0105dzenia Parlamentu Europejskiego i&nbsp; Rady (UE) 2016\/679 z&nbsp; dnia 27 kwietnia 2016 r. w sprawie ochrony os\u00f3b fizycznych w&nbsp; zwi\u0105zku z przetwarzaniem danych osobowych i w sprawie swobodnego przep\u0142ywu takich danych oraz uchylenia dyrektywy 95\/46\/WE (Dz.U.UE.L.2016.119.1) jest \u015aredzki Inkubator Przedsi\u0119biorczo\u015bci Sp. z o. o. reprezentowany przez Prezesa Zarz\u0105du z siedzib\u0105 przy ul. Sp\u00f3\u0142dzielczej 1, 55-300 \u015aroda \u015al\u0105ska, adres poczty e-mail: biuro@sipsrodaslaska.pl,&nbsp; tel. +48 727 555 821, zwanym dalej \u015aIP.<\/p>\n\n\n\n<p>Dane osobowe os\u00f3b fizycznych korzystaj\u0105cych z serwisu s\u0105 przetwarzane zgodnie z Rozporz\u0105dzeniem Parlamentu Europejskiego i&nbsp; Rady (UE) 2016\/679 z&nbsp; dnia 27 kwietnia 2016 r. w sprawie ochrony os\u00f3b fizycznych w&nbsp; zwi\u0105zku z przetwarzaniem danych osobowych i w sprawie swobodnego przep\u0142ywu takich danych oraz uchylenia dyrektywy 95\/46\/WE (Dz.U.UE.L.2016.119.1) oraz ustaw\u0105 o \u015bwiadczeniu us\u0142ug drog\u0105 elektroniczn\u0105 z dn. 18 lipca 2002 r. (Dz. U. 2002 Nr 144, poz. 1204 z p\u00f3\u017an. zm.). Dane osobowe stanowi\u0105 dane, o kt\u00f3rych mowa w art. 4 Rozporz\u0105dzenia Parlamentu Europejskiego i&nbsp; Rady (UE) (zwane dalej \u201edanymi osobowymi\u201d).<\/p>\n\n\n\n<p>Administrator dok\u0142ada szczeg\u00f3lnej staranno\u015bci w celu ochrony interes\u00f3w os\u00f3b, kt\u00f3rych dane dotycz\u0105. Administrator stosuje \u015brodki techniczne i organizacyjne zapewniaj\u0105ce ochron\u0119 przetwarzanych danych osobowych odpowiedni\u0105 do zagro\u017ce\u0144 oraz kategorii danych obj\u0119tych ochron\u0105, a w szczeg\u00f3lno\u015bci zabezpiecza dane przed ich udost\u0119pnieniem osobom nieupowa\u017cnionym, zabraniem przez osob\u0119 nieuprawnion\u0105, przetwarzaniem z naruszeniem ustawy oraz zmian\u0105, utrat\u0105, uszkodzeniem lub zniszczeniem.<\/p>\n\n\n\n<ol start=\"2\" class=\"wp-block-list\">\n<li><strong>Pliki cookies<\/strong><\/li>\n<\/ol>\n\n\n\n<p>Informujemy, i\u017c serwis internetowy, o kt\u00f3rym mowa w pkt. 1 mo\u017ce wykorzystywa\u0107 pliki cookies (tzw. ciasteczka).<\/p>\n\n\n\n<p>Pliki cookies (tzw. \u201eciasteczka\u201d) stanowi\u0105 dane informatyczne, w szczeg\u00f3lno\u015bci pliki tekstowe, kt\u00f3re przechowywane s\u0105 w urz\u0105dzeniu ko\u0144cowym U\u017cytkownika Serwisu i przeznaczone s\u0105 do korzystania ze stron internetowych Serwisu. Cookies zazwyczaj zawieraj\u0105 nazw\u0119 strony internetowej, z kt\u00f3rej pochodz\u0105, czas przechowywania ich na urz\u0105dzeniu ko\u0144cowym oraz unikalny numer.<\/p>\n\n\n\n<p>Pliki cookies wykorzystywane s\u0105 w celu dostosowywania zawarto\u015bci serwisu internetowego do preferencji u\u017cytkownika (np. rozpoznania urz\u0105dzenia, z kt\u00f3rego korzysta u\u017cytkownik i w\u0142a\u015bciwego wy\u015bwietlenia na nim tre\u015bci serwisu), optymalizacji dzia\u0142ania serwisu oraz tworzenia anonimowych statystyk, kt\u00f3re umo\u017cliwiaj\u0105 okre\u015blenie w jaki spos\u00f3b u\u017cytkownik korzysta z serwisu, co pozwala ulepsza\u0107 jego struktur\u0119 i zawarto\u015b\u0107, z wy\u0142\u0105czeniem personalnej identyfikacji u\u017cytkownika. Pliki cookies stosowane przez serwis Administratora s\u0105 bezpieczne i nie maj\u0105 szkodliwego wp\u0142ywu na urz\u0105dzenie u\u017cytkownika.<\/p>\n\n\n\n<p>W ramach Serwis\u00f3w stosowane s\u0105 dwa zasadnicze rodzaje plik\u00f3w cookies: \u201esesyjne\u201d (session cookies) oraz \u201esta\u0142e\u201d (persistent cookies). Cookies \u201esesyjne\u201d s\u0105 plikami tymczasowymi, kt\u00f3re przechowywane s\u0105 w urz\u0105dzeniu ko\u0144cowym U\u017cytkownika do czasu wylogowania, opuszczenia strony internetowej lub wy\u0142\u0105czenia oprogramowania (przegl\u0105darki internetowej). \u201eSta\u0142e\u201d pliki cookies przechowywane s\u0105 w urz\u0105dzeniu ko\u0144cowym U\u017cytkownika przez czas okre\u015blony w parametrach plik\u00f3w cookies lub do czasu ich usuni\u0119cia przez U\u017cytkownika.<\/p>\n\n\n\n<p>Oprogramowanie do przegl\u0105dania stron internetowych (przegl\u0105darka internetowa) zazwyczaj domy\u015blnie dopuszcza przechowywanie plik\u00f3w cookies w urz\u0105dzeniu ko\u0144cowym U\u017cytkownika. U\u017cytkownicy Serwis\u00f3w mog\u0105 dokona\u0107 zmiany ustawie\u0144 w tym zakresie. Przegl\u0105darka internetowa umo\u017cliwia usuni\u0119cie plik\u00f3w cookies. Mo\u017cliwe jest tak\u017ce automatyczne blokowanie plik\u00f3w cookies Szczeg\u00f3\u0142owe informacje na ten temat zawiera pomoc lub dokumentacja przegl\u0105darki internetowej.<\/p>\n\n\n\n<p>Ograniczenia stosowania plik\u00f3w cookies mog\u0105 wp\u0142yn\u0105\u0107 na niekt\u00f3re funkcjonalno\u015bci dost\u0119pne na stronach internetowych Serwis\u00f3w.<\/p>\n\n\n\n<ol start=\"3\" class=\"wp-block-list\">\n<li><strong>Zarz\u0105dzanie plikami coockies \u2013 jak wyra\u017ca\u0107 i cofa\u0107 zgod\u0119?<\/strong><\/li>\n<\/ol>\n\n\n\n<p>Je\u015bli u\u017cytkownik nie chce otrzymywa\u0107 plik\u00f3w cookies, mo\u017ce zmieni\u0107 ustawienia przegl\u0105darki. Administrator zastrzega, \u017ce wy\u0142\u0105czenie obs\u0142ugi plik\u00f3w cookies niezb\u0119dnych dla proces\u00f3w uwierzytelniania, bezpiecze\u0144stwa, utrzymania preferencji u\u017cytkownika mo\u017ce utrudni\u0107, a w skrajnych przypadkach mo\u017ce uniemo\u017cliwi\u0107 korzystanie ze stron www.<\/p>\n\n\n\n<p>Ustawienia plik\u00f3w cookies w najpopularniejszych przegl\u0105darkach:<\/p>\n\n\n\n<p>\u00a0\u00a0\u00a0 Internet Explorer: Narz\u0119dzia \u2013 Opcje internetowe \u2013 Prywatno\u015b\u0107<br>\u00a0\u00a0\u00a0 Mozilla Firefox: Narz\u0119dzia \u2013 Opcje \u2013 Prywatno\u015b\u0107<br>\u00a0\u00a0\u00a0 Google Chrome: menu Chrome (g\u00f3rny prawy r\u00f3g przegl\u0105darki) \u2013 Ustawienia \u2013 Poka\u017c ustawienia zaawansowane \u2013 Prywatno\u015b\u0107 (ustawienia tre\u015bci) \u2013 Pliki Cookie.<\/p>\n\n\n\n<ol start=\"4\" class=\"wp-block-list\">\n<li><strong>Obowi\u0105zek informacyjny w zakresie przetwarzania danych osobowych w \u015aredzkim Inkubatorze Przedsi\u0119biorczo\u015bci<\/strong><\/li>\n<\/ol>\n\n\n\n<p>Pani\/Pana dane osobowe przetwarzane b\u0119d\u0105 w celu wype\u0142nienia obowi\u0105zku prawnego ci\u0105\u017c\u0105cego na Administratorze (art. 6 lit. c RODO) w zwi\u0105zku z realizowaniem zada\u0144 wynikaj\u0105cych z przepis\u00f3w prawa, w szczeg\u00f3lno\u015bci ustawy z dnia 25 pa\u017adziernika 1991 r. o organizowaniu i prowadzeniu dzia\u0142alno\u015bci kulturalnej (Dz.U. 1991 nr 114 poz. 493 z p\u00f3\u017an. zm.,) oraz Regulaminu \u015aIP. W pozosta\u0142ych przypadkach Pani\/Pana dane osobowe przetwarzane b\u0119d\u0105 wy\u0142\u0105cznie na podstawie wcze\u015bniej udzielonej zgody (art. 6 ust. 1 lit. a RODO) tj. m. in:<\/p>\n\n\n\n<p>\u2013 w celu prowadzenia dokumentacji zwi\u0105zanej ze \u015bwiadczeniem us\u0142ug oferowanych przez \u015aredzki Inkubator Przedsi\u0119biorczo\u015bci oraz obs\u0142ugi p\u0142atno\u015bci za te us\u0142ugi,<br>\u2013 w celu udost\u0119pniana informacji o charakterze marketingowym \u2013 na podstawie wyra\u017conej wcze\u015bniej zgody,<br>\u2013 w celu dokumentowania wydarze\u0144 i promocji dzia\u0142alno\u015bci \u015aIP.<\/p>\n\n\n\n<p>Pani\/Pana dane osobowe nie s\u0105 udost\u0119pniane innym odbiorcom z wy\u0142\u0105czeniem podmiot\u00f3w do tego uprawnionych takich jak:<\/p>\n\n\n\n<p>\u2013 podmioty upowa\u017cnione do odbioru danych osobowych na podstawie odpowiednich przepis\u00f3w prawa,<br>\u2013\u00a0 podmioty, kt\u00f3re przetwarzaj\u0105 dane osobowe w imieniu Administratora na podstawie zawartej z Administratorem umowy powierzenia przetwarzania danych osobowych min. dostawcom system\u00f3w teleinformatycznych.<\/p>\n\n\n\n<p>Pani\/Pana dane osobowe b\u0119d\u0105 przetwarzane przez okres obowi\u0105zywania umowy\/realizacji zlecenia, a po ich zako\u0144czeniu przez czas zwi\u0105zany z wyga\u015bni\u0119ciem wzajemnych roszcze\u0144 zwi\u0105zanych z ich realizacj\u0105 oraz przez czas wynikaj\u0105cy z obowi\u0105zuj\u0105cych przepis\u00f3w prawa m.in. przepisami podatkowymi, sprawozdawczo\u015bci finansowej. Dokumentacja z danymi osobowymi, b\u0119dzie r\u00f3wnie\u017c przetwarzana do cel\u00f3w archiwalnych realizowanych w interesie publicznym i przechowywana w archiwum przez okres niezb\u0119dny wynikaj\u0105cy z przepis\u00f3w dotycz\u0105cych archiwizowania dokument\u00f3w obowi\u0105zuj\u0105cych u Administratora (Jednolity Rzeczowy Wykaz Akt).<\/p>\n\n\n\n<p>Posiada Pani\/Pan prawo:<\/p>\n\n\n\n<ul class=\"wp-block-list\">\n<li>dost\u0119pu do tre\u015bci swoich danych przy czym prawo dost\u0119pu do Pani\/Pana danych osobowych, kt\u00f3re zosta\u0142y zebrane w spos\u00f3b po\u015bredni (z innych \u017ar\u00f3de\u0142) w pewnych okoliczno\u015bciach b\u0119dzie ograniczone tj. w sytuacjach gdy \u017c\u0105danie dost\u0119pu do Pani\/Pana danych mog\u0142oby wp\u0142yn\u0105\u0107 na prawa i wolno\u015bci os\u00f3b od kt\u00f3rych dane pozyskano, powy\u017csze ograniczenie zosta\u0142o wprowadzone ustaw\u0105 wdra\u017caj\u0105c\u0105 RODO*,<\/li>\n\n\n\n<li>\u017c\u0105dania sprostowania danych, kt\u00f3re s\u0105 nieprawid\u0142owe przy czym w przypadku post\u0119powania o udzielenie zam\u00f3wienia publicznego skorzystanie przez Pani\u0105\/Pana z uprawnienia do sprostowania nie mo\u017ce skutkowa\u0107 zmian\u0105 wyniku post\u0119powania o udzielenie zam\u00f3wienia publicznego lub konkursu ani zmian\u0105 postanowie\u0144 umowy w zakresie niezgodnym z ustaw\u0105,<\/li>\n\n\n\n<li>\u017c\u0105dania usuni\u0119cia danych na podstawie art. 17 RODO, z zastrze\u017ceniem art. 17 ust. 3 lit b, e RODO tj. dane s\u0105 niezb\u0119dne;<\/li>\n\n\n\n<li>do wywi\u0105zania si\u0119 z prawnego obowi\u0105zku wymagaj\u0105cego przetwarzania na mocy prawa Unii lub prawa pa\u0144stwa cz\u0142onkowskiego, kt\u00f3remu podlega administrator, lub do wykonania zadania realizowanego w interesie publicznym lub w ramach sprawowania w\u0142adzy publicznej powierzonej administratorowi,<\/li>\n\n\n\n<li>do ustalenia, dochodzenia lub obrony roszcze\u0144,<\/li>\n\n\n\n<li>do przenoszenia danych, na podstawie art. 20 Rozporz\u0105dzenia RODO,<\/li>\n\n\n\n<li>do wniesienia sprzeciwu wobec przetwarzania Pa\u0144stwa danych osobowych na podstawie art. 21 Rozporz\u0105dzenia RODO,<\/li>\n\n\n\n<li>do ograniczenia przetwarzania na podstawie art. 18 ust. 1 RODO;<\/li>\n\n\n\n<li>do odwo\u0142ania zgody w dowolnym momencie wobec przetwarzania danych osobowych opartego na art. 6 ust. 1. lit. a) RODO bez wp\u0142ywu na zgodno\u015b\u0107 z prawem przetwarzania, kt\u00f3rego dokonano na podstawie zgody przed jej cofni\u0119ciem,<\/li>\n\n\n\n<li>do wniesienia skargi do organu nadzorczego tj. Prezesa Urz\u0119du Ochrony Danych Osobowych gdy uzna Pani\/Pan, i\u017c przetwarzanie danych osobowych Pani\/Pana dotycz\u0105cych narusza przepisy og\u00f3lnego rozporz\u0105dzenia o ochronie danych osobowych z dnia 27 kwietnia 2016 r.<\/li>\n<\/ul>\n\n\n\n<p>W przypadkach gdy przetwarzanie Pani\/Pana danych osobowych wynika z przepis\u00f3w prawa podanie przez Pani\u0105\/Pana danych osobowych jest obowi\u0105zkowe. W zakresie danych osobowych, kt\u00f3re administrator przetwarza na podstawie Pa\u0144stwa zgody, podanie przez Pa\u0144stwa danych osobowych jest dobrowolne.<\/p>\n\n\n\n<p>Pani\/Pana dane mog\u0105 by\u0107 przetwarzane w spos\u00f3b zautomatyzowany, jednak nie b\u0119dzie to prowadzi\u0142o do zautomatyzowanego podejmowania decyzji, w tym dane nie b\u0119d\u0105 profilowane.<\/p>\n\n\n\n<p>Pani\/Pana dane osobowe nie b\u0119d\u0105 przesy\u0142ane do kraj\u00f3w spoza Europejskiego Obszaru Gospodarczego.<\/p>\n\n\n\n<p>* ustawa z dnia 21 lutego 2019 r. o zmianie niekt\u00f3rych ustaw w zwi\u0105zku z zapewnieniem stosowania rozporz\u0105dzenia Parlamentu Europejskiego i Rady (UE) 2016\/679 z dnia 27 kwietnia 2016 r. w sprawie ochrony os\u00f3b fizycznych w zwi\u0105zku z przetwarzaniem danych osobowych i w sprawie swobodnego przep\u0142ywu takich danych oraz uchylenia dyrektywy 95\/46\/WE (Dz.U. 2019 poz. 730)<\/p>\n\n\n\n<p><strong>Postanowienia ko\u0144cowe<\/strong><\/p>\n\n\n\n<p>Administrator zastrzega sobie prawo zmiany w przysz\u0142o\u015bci Zasad Prywatno\u015bci z wa\u017cnych powod\u00f3w, np. w przypadku zmiany obowi\u0105zuj\u0105cych przepis\u00f3w prawa, w szczeg\u00f3lno\u015bci w zakresie Danych Osobowych.<\/p>\n\n\n\n<p>Niniejsza wersja Zasad Prywatno\u015bci obowi\u0105zuje od 18.11.2024 r.<\/p>\n","protected":false},"excerpt":{"rendered":"<p>POLITYKA PRYWATNO\u015aCI \u015aREDZKIEGO INKUBATORA PRZEDSI\u0118BIORCZO\u015aCI Administratorem&nbsp; serwisu www.sipsrodaslaska.pl&nbsp; w rozumieniu art. 13 ust. 1 Rozporz\u0105dzenia Parlamentu Europejskiego i&nbsp; Rady (UE) 2016\/679 z&nbsp; dnia 27 kwietnia 2016 r. w sprawie ochrony os\u00f3b fizycznych w&nbsp; zwi\u0105zku z przetwarzaniem danych osobowych i w sprawie swobodnego przep\u0142ywu takich danych oraz uchylenia dyrektywy 95\/46\/WE (Dz.U.UE.L.2016.119.1) jest \u015aredzki Inkubator Przedsi\u0119biorczo\u015bci Sp.&hellip;<\/p>\n","protected":false},"author":1,"featured_media":0,"parent":0,"menu_order":0,"comment_status":"closed","ping_status":"open","template":"","meta":{"footnotes":""},"class_list":["post-3","page","type-page","status-publish","hentry"],"_links":{"self":[{"href":"https:\/\/sipsrodaslaska.pl\/index.php\/wp-json\/wp\/v2\/pages\/3","targetHints":{"allow":["GET"]}}],"collection":[{"href":"https:\/\/sipsrodaslaska.pl\/index.php\/wp-json\/wp\/v2\/pages"}],"about":[{"href":"https:\/\/sipsrodaslaska.pl\/index.php\/wp-json\/wp\/v2\/types\/page"}],"author":[{"embeddable":true,"href":"https:\/\/sipsrodaslaska.pl\/index.php\/wp-json\/wp\/v2\/users\/1"}],"replies":[{"embeddable":true,"href":"https:\/\/sipsrodaslaska.pl\/index.php\/wp-json\/wp\/v2\/comments?post=3"}],"version-history":[{"count":2,"href":"https:\/\/sipsrodaslaska.pl\/index.php\/wp-json\/wp\/v2\/pages\/3\/revisions"}],"predecessor-version":[{"id":746,"href":"https:\/\/sipsrodaslaska.pl\/index.php\/wp-json\/wp\/v2\/pages\/3\/revisions\/746"}],"wp:attachment":[{"href":"https:\/\/sipsrodaslaska.pl\/index.php\/wp-json\/wp\/v2\/media?parent=3"}],"curies":[{"name":"wp","href":"https:\/\/api.w.org\/{rel}","templated":true}]}}