{"id":309,"date":"2024-08-22T11:06:42","date_gmt":"2024-08-22T11:06:42","guid":{"rendered":"http:\/\/tjseqqc.cluster027.hosting.ovh.net\/?page_id=309"},"modified":"2026-02-24T21:25:34","modified_gmt":"2026-02-24T21:25:34","slug":"deklaracja-dostepnosci","status":"publish","type":"page","link":"https:\/\/sipsrodaslaska.pl\/index.php\/deklaracja-dostepnosci\/","title":{"rendered":"Deklaracja dost\u0119pno\u015bci"},"content":{"rendered":"\n<p id=\"a11y-wstep\">\u015aredzki Inkubator Przedsi\u0119biorczo\u015bci Sp. z o. o. zobowi\u0105zuje si\u0119 zapewni\u0107 dost\u0119pno\u015b\u0107 swojej strony internetowej zgodnie z przepisami ustawy z dnia 4&nbsp;kwietnia 2019&nbsp;r. o&nbsp;dost\u0119pno\u015bci cyfrowej stron internetowych i&nbsp;aplikacji mobilnych podmiot\u00f3w publicznych. O\u015bwiadczenie w sprawie dost\u0119pno\u015bci ma zastosowanie do strony internetowej \u015aredzkiego Inkubatora Przedsi\u0119biorczo\u015bci.<\/p>\n\n\n\n<ul class=\"wp-block-list\">\n<li>Data publikacji strony internetowej: 22.08.2024 r.<\/li>\n\n\n\n<li>Data ostatniej istotnej aktualizacji: 22.08.2024 r.<\/li>\n<\/ul>\n\n\n\n<h2 class=\"wp-block-heading\">Status pod wzgl\u0119dem zgodno\u015bci z ustaw\u0105<\/h2>\n\n\n\n<p>Strona internetowa jest <strong>cz\u0119\u015bciowo zgodna<\/strong> z&nbsp;ustaw\u0105 o&nbsp;dost\u0119pno\u015bci cyfrowej stron internetowych i&nbsp;aplikacji mobilnych podmiot\u00f3w publicznych z&nbsp;powodu niezgodno\u015bci lub wy\u0142\u0105cze\u0144 wymienionych poni\u017cej.<\/p>\n\n\n\n<h3 class=\"wp-block-heading\">Tre\u015bci niedost\u0119pne<\/h3>\n\n\n\n<ul class=\"wp-block-list\">\n<li>brak opis\u00f3w do cz\u0119\u015bci grafik \/ zdj\u0119\u0107<\/li>\n<\/ul>\n\n\n\n<h3 class=\"wp-block-heading\">Przygotowanie deklaracji w sprawie dost\u0119pno\u015bci<\/h3>\n\n\n\n<ul class=\"wp-block-list\">\n<li>Deklaracj\u0119 sporz\u0105dzono dnia: 22.08.2024 r.<\/li>\n\n\n\n<li>Deklaracj\u0119 zosta\u0142a ostatnio poddana przegl\u0105dowi i aktualizacji dnia: 22.08.2024 r.<\/li>\n<\/ul>\n\n\n\n<p>Deklaracj\u0119 sporz\u0105dzono na podstawie samooceny.<\/p>\n\n\n\n<h2 class=\"wp-block-heading\" id=\"a11y-kontakt\">Informacje zwrotne i dane kontaktowe<\/h2>\n\n\n\n<ul class=\"wp-block-list\">\n<li>Za rozpatrywanie uwag i wniosk\u00f3w odpowiada: El\u017cbieta Guba\u0142a<\/li>\n\n\n\n<li>E-mail: e.gubala@sipsrodaslaska.pl<\/li>\n\n\n\n<li>Telefon: 727 555 819.<\/li>\n<\/ul>\n\n\n\n<p id=\"a11y-procedura\">Ka\u017cdy ma prawo:<\/p>\n\n\n\n<ul class=\"wp-block-list\">\n<li>zg\u0142osi\u0107 uwagi dotycz\u0105ce dost\u0119pno\u015bci cyfrowej strony lub jej elementu,<\/li>\n\n\n\n<li>zg\u0142osi\u0107 \u017c\u0105danie zapewnienia dost\u0119pno\u015bci cyfrowej strony lub jej elementu,<\/li>\n\n\n\n<li>wnioskowa\u0107 o udost\u0119pnienie niedost\u0119pnej informacji w innej alternatywnej formie.<\/li>\n<\/ul>\n\n\n\n<p>\u017b\u0105danie musi zawiera\u0107:<\/p>\n\n\n\n<ul class=\"wp-block-list\">\n<li>dane kontaktowe osoby zg\u0142aszaj\u0105cej,<\/li>\n\n\n\n<li>wskazanie strony lub elementu strony, kt\u00f3rej dotyczy \u017c\u0105danie,<\/li>\n\n\n\n<li>wskazanie dogodnej formy udost\u0119pnienia informacji, je\u015bli \u017c\u0105danie dotyczy udost\u0119pnienia <br>w formie alternatywnej informacji niedost\u0119pnej.<\/li>\n<\/ul>\n\n\n\n<p>Rozpatrzenie zg\u0142oszenia powinno nast\u0105pi\u0107 niezw\u0142ocznie, najp\u00f3\u017aniej w ci\u0105gu 7 dni. <br>Je\u015bli w tym terminie zapewnienie dost\u0119pno\u015bci albo zapewnienie dost\u0119pu w alternatywnej formie<br>nie jest mo\u017cliwe, powinno nast\u0105pi\u0107 najdalej w ci\u0105gu 2 miesi\u0119cy od daty zg\u0142oszenia.<\/p>\n\n\n\n<h3 class=\"wp-block-heading\">Skargi i odwo\u0142ania<\/h3>\n\n\n\n<p>Na niedotrzymanie tych termin\u00f3w oraz na odmow\u0119 realizacji \u017c\u0105dania mo\u017cna z\u0142o\u017cy\u0107 skarg\u0119 <br>do organu nadzoruj\u0105cego poczt\u0105 lub drog\u0105 elektroniczn\u0105 na adres:<\/p>\n\n\n\n<ul class=\"wp-block-list\">\n<li>Organ nadzoruj\u0105cy: Prezes Zarz\u0105du \u015aredzkiego Inkubatora Przedsi\u0119biorczo\u015bci Sp. z o. o.<\/li>\n\n\n\n<li>Adres: ul. Sp\u00f3\u0142dzielcza 1, 55-300 \u015aroda \u015al\u0105ska<\/li>\n\n\n\n<li>E-mail: biuro@sipsrodaslaska.pl<\/li>\n\n\n\n<li>Telefon: 727 555 821.<\/li>\n<\/ul>\n\n\n\n<p>Skarg\u0119 mo\u017cna z\u0142o\u017cy\u0107 r\u00f3wnie\u017c do <a href=\"https:\/\/www.rpo.gov.pl\/content\/jak-zglosic-sie-do-rzecznika-praw-obywatelskich\">Rzecznika Praw Obywatelskich<\/a>.<\/p>\n\n\n\n<h2 class=\"wp-block-heading\" id=\"a11y-architektura\">Dost\u0119pno\u015b\u0107 architektoniczna<\/h2>\n\n\n\n<p>Na zewn\u0105trz budynku:<\/p>\n\n\n\n<ul class=\"wp-block-list\">\n<li>miejsce parkingowego dla os\u00f3b z niepe\u0142nosprawno\u015bciami,<\/li>\n\n\n\n<li>podjazd z parkingu do budynku.<\/li>\n<\/ul>\n\n\n\n<p>Wewn\u0105trz budynku:<\/p>\n\n\n\n<ul class=\"wp-block-list\">\n<li>dost\u0119pna winda na I pi\u0119tro,<\/li>\n\n\n\n<li>dost\u0119pne toalety dla os\u00f3b z niepe\u0142nosprawno\u015bciami \u2013 parter oraz I pi\u0119tro,<\/li>\n\n\n\n<li>w przestrzeni nie ma prog\u00f3w ani innych barier architektonicznych, utrudniaj\u0105cych poruszanie si\u0119,<\/li>\n\n\n\n<li>brak p\u0119tli indukcyjnych,<\/li>\n\n\n\n<li>brak tyflomap,<\/li>\n\n\n\n<li>brak oznacze\u0144 schod\u00f3w w spos\u00f3b kontrastowy.<\/li>\n<\/ul>\n","protected":false},"excerpt":{"rendered":"<p>\u015aredzki Inkubator Przedsi\u0119biorczo\u015bci Sp. z o. o. zobowi\u0105zuje si\u0119 zapewni\u0107 dost\u0119pno\u015b\u0107 swojej strony internetowej zgodnie z przepisami ustawy z dnia 4&nbsp;kwietnia 2019&nbsp;r. o&nbsp;dost\u0119pno\u015bci cyfrowej stron internetowych i&nbsp;aplikacji mobilnych podmiot\u00f3w publicznych. O\u015bwiadczenie w sprawie dost\u0119pno\u015bci ma zastosowanie do strony internetowej \u015aredzkiego Inkubatora Przedsi\u0119biorczo\u015bci. Status pod wzgl\u0119dem zgodno\u015bci z ustaw\u0105 Strona internetowa jest cz\u0119\u015bciowo zgodna z&nbsp;ustaw\u0105 o&nbsp;dost\u0119pno\u015bci&hellip;<\/p>\n","protected":false},"author":3,"featured_media":0,"parent":0,"menu_order":0,"comment_status":"closed","ping_status":"closed","template":"","meta":{"footnotes":""},"class_list":["post-309","page","type-page","status-publish","hentry"],"_links":{"self":[{"href":"https:\/\/sipsrodaslaska.pl\/index.php\/wp-json\/wp\/v2\/pages\/309","targetHints":{"allow":["GET"]}}],"collection":[{"href":"https:\/\/sipsrodaslaska.pl\/index.php\/wp-json\/wp\/v2\/pages"}],"about":[{"href":"https:\/\/sipsrodaslaska.pl\/index.php\/wp-json\/wp\/v2\/types\/page"}],"author":[{"embeddable":true,"href":"https:\/\/sipsrodaslaska.pl\/index.php\/wp-json\/wp\/v2\/users\/3"}],"replies":[{"embeddable":true,"href":"https:\/\/sipsrodaslaska.pl\/index.php\/wp-json\/wp\/v2\/comments?post=309"}],"version-history":[{"count":4,"href":"https:\/\/sipsrodaslaska.pl\/index.php\/wp-json\/wp\/v2\/pages\/309\/revisions"}],"predecessor-version":[{"id":741,"href":"https:\/\/sipsrodaslaska.pl\/index.php\/wp-json\/wp\/v2\/pages\/309\/revisions\/741"}],"wp:attachment":[{"href":"https:\/\/sipsrodaslaska.pl\/index.php\/wp-json\/wp\/v2\/media?parent=309"}],"curies":[{"name":"wp","href":"https:\/\/api.w.org\/{rel}","templated":true}]}}