{"id":44,"date":"2024-07-30T21:57:02","date_gmt":"2024-07-30T21:57:02","guid":{"rendered":"http:\/\/tjseqqc.cluster027.hosting.ovh.net\/?page_id=44"},"modified":"2024-08-13T10:36:43","modified_gmt":"2024-08-13T10:36:43","slug":"galeria","status":"publish","type":"page","link":"https:\/\/sipsrodaslaska.pl\/index.php\/galeria\/","title":{"rendered":"Galeria"},"content":{"rendered":"\n<figure class=\"wp-block-gallery has-nested-images columns-default is-cropped wp-block-gallery-1 is-layout-flex wp-block-gallery-is-layout-flex\">\n<figure class=\"wp-block-image size-large\"><img loading=\"lazy\" decoding=\"async\" width=\"1024\" height=\"768\" data-id=\"213\" src=\"http:\/\/tjseqqc.cluster027.hosting.ovh.net\/wp-content\/uploads\/2024\/08\/open-space-1-1024x768.jpg\" alt=\"\" class=\"wp-image-213\" srcset=\"https:\/\/sipsrodaslaska.pl\/wp-content\/uploads\/2024\/08\/open-space-1-1024x768.jpg 1024w, https:\/\/sipsrodaslaska.pl\/wp-content\/uploads\/2024\/08\/open-space-1-300x225.jpg 300w, https:\/\/sipsrodaslaska.pl\/wp-content\/uploads\/2024\/08\/open-space-1-768x576.jpg 768w, https:\/\/sipsrodaslaska.pl\/wp-content\/uploads\/2024\/08\/open-space-1-1536x1152.jpg 1536w, https:\/\/sipsrodaslaska.pl\/wp-content\/uploads\/2024\/08\/open-space-1-2048x1536.jpg 2048w\" sizes=\"auto, (max-width: 1024px) 100vw, 1024px\" \/><figcaption class=\"wp-element-caption\">Open space<\/figcaption><\/figure>\n\n\n\n<figure class=\"wp-block-image size-large\"><img loading=\"lazy\" decoding=\"async\" width=\"1024\" height=\"768\" data-id=\"211\" src=\"http:\/\/tjseqqc.cluster027.hosting.ovh.net\/wp-content\/uploads\/2024\/08\/konferencyjna2-1024x768.jpg\" alt=\"\" class=\"wp-image-211\" srcset=\"https:\/\/sipsrodaslaska.pl\/wp-content\/uploads\/2024\/08\/konferencyjna2-1024x768.jpg 1024w, https:\/\/sipsrodaslaska.pl\/wp-content\/uploads\/2024\/08\/konferencyjna2-300x225.jpg 300w, https:\/\/sipsrodaslaska.pl\/wp-content\/uploads\/2024\/08\/konferencyjna2-768x576.jpg 768w, https:\/\/sipsrodaslaska.pl\/wp-content\/uploads\/2024\/08\/konferencyjna2-1536x1152.jpg 1536w, https:\/\/sipsrodaslaska.pl\/wp-content\/uploads\/2024\/08\/konferencyjna2-2048x1536.jpg 2048w\" sizes=\"auto, (max-width: 1024px) 100vw, 1024px\" \/><figcaption class=\"wp-element-caption\">Sala konferencyjna<\/figcaption><\/figure>\n\n\n\n<figure class=\"wp-block-image size-large\"><img loading=\"lazy\" decoding=\"async\" width=\"1024\" height=\"781\" data-id=\"197\" src=\"http:\/\/tjseqqc.cluster027.hosting.ovh.net\/wp-content\/uploads\/2024\/07\/biuro1-1024x781.jpg\" alt=\"\" class=\"wp-image-197\" srcset=\"https:\/\/sipsrodaslaska.pl\/wp-content\/uploads\/2024\/07\/biuro1-1024x781.jpg 1024w, https:\/\/sipsrodaslaska.pl\/wp-content\/uploads\/2024\/07\/biuro1-300x229.jpg 300w, https:\/\/sipsrodaslaska.pl\/wp-content\/uploads\/2024\/07\/biuro1-768x586.jpg 768w, https:\/\/sipsrodaslaska.pl\/wp-content\/uploads\/2024\/07\/biuro1-1536x1172.jpg 1536w, https:\/\/sipsrodaslaska.pl\/wp-content\/uploads\/2024\/07\/biuro1-2048x1562.jpg 2048w\" sizes=\"auto, (max-width: 1024px) 100vw, 1024px\" \/><figcaption class=\"wp-element-caption\">Lokal biurowy<\/figcaption><\/figure>\n\n\n\n<figure class=\"wp-block-image size-large\"><img loading=\"lazy\" decoding=\"async\" width=\"1024\" height=\"768\" data-id=\"178\" src=\"http:\/\/tjseqqc.cluster027.hosting.ovh.net\/wp-content\/uploads\/2024\/08\/1.pomieszczenie-wieksze-1024x768.jpg\" alt=\"\" class=\"wp-image-178\" srcset=\"https:\/\/sipsrodaslaska.pl\/wp-content\/uploads\/2024\/08\/1.pomieszczenie-wieksze-1024x768.jpg 1024w, https:\/\/sipsrodaslaska.pl\/wp-content\/uploads\/2024\/08\/1.pomieszczenie-wieksze-300x225.jpg 300w, https:\/\/sipsrodaslaska.pl\/wp-content\/uploads\/2024\/08\/1.pomieszczenie-wieksze-768x576.jpg 768w, https:\/\/sipsrodaslaska.pl\/wp-content\/uploads\/2024\/08\/1.pomieszczenie-wieksze-1536x1152.jpg 1536w, https:\/\/sipsrodaslaska.pl\/wp-content\/uploads\/2024\/08\/1.pomieszczenie-wieksze-2048x1536.jpg 2048w\" sizes=\"auto, (max-width: 1024px) 100vw, 1024px\" \/><figcaption class=\"wp-element-caption\">Lokal biurowy<\/figcaption><\/figure>\n\n\n\n<figure class=\"wp-block-image size-large\"><img loading=\"lazy\" decoding=\"async\" width=\"1024\" height=\"768\" data-id=\"156\" src=\"http:\/\/tjseqqc.cluster027.hosting.ovh.net\/wp-content\/uploads\/2024\/08\/2.pomieszczenie-wieksze1-1024x768.jpg\" alt=\"\" class=\"wp-image-156\" srcset=\"https:\/\/sipsrodaslaska.pl\/wp-content\/uploads\/2024\/08\/2.pomieszczenie-wieksze1-1024x768.jpg 1024w, https:\/\/sipsrodaslaska.pl\/wp-content\/uploads\/2024\/08\/2.pomieszczenie-wieksze1-300x225.jpg 300w, https:\/\/sipsrodaslaska.pl\/wp-content\/uploads\/2024\/08\/2.pomieszczenie-wieksze1-768x576.jpg 768w, https:\/\/sipsrodaslaska.pl\/wp-content\/uploads\/2024\/08\/2.pomieszczenie-wieksze1-1536x1152.jpg 1536w, https:\/\/sipsrodaslaska.pl\/wp-content\/uploads\/2024\/08\/2.pomieszczenie-wieksze1-2048x1536.jpg 2048w\" sizes=\"auto, (max-width: 1024px) 100vw, 1024px\" \/><figcaption class=\"wp-element-caption\">Lokal biurowy<\/figcaption><\/figure>\n\n\n\n<figure class=\"wp-block-image size-large\"><img loading=\"lazy\" decoding=\"async\" width=\"1024\" height=\"768\" data-id=\"176\" src=\"http:\/\/tjseqqc.cluster027.hosting.ovh.net\/wp-content\/uploads\/2024\/08\/18-1024x768.jpg\" alt=\"\" class=\"wp-image-176\" srcset=\"https:\/\/sipsrodaslaska.pl\/wp-content\/uploads\/2024\/08\/18-1024x768.jpg 1024w, https:\/\/sipsrodaslaska.pl\/wp-content\/uploads\/2024\/08\/18-300x225.jpg 300w, https:\/\/sipsrodaslaska.pl\/wp-content\/uploads\/2024\/08\/18-768x576.jpg 768w, https:\/\/sipsrodaslaska.pl\/wp-content\/uploads\/2024\/08\/18-1536x1152.jpg 1536w, https:\/\/sipsrodaslaska.pl\/wp-content\/uploads\/2024\/08\/18.jpg 2000w\" sizes=\"auto, (max-width: 1024px) 100vw, 1024px\" \/><figcaption class=\"wp-element-caption\">Szkolenie w sali konferencyjnej<\/figcaption><\/figure>\n\n\n\n<figure class=\"wp-block-image size-large\"><img loading=\"lazy\" decoding=\"async\" width=\"1024\" height=\"768\" data-id=\"175\" src=\"http:\/\/tjseqqc.cluster027.hosting.ovh.net\/wp-content\/uploads\/2024\/08\/funusze_2.26.04.2024-1024x768.jpg\" alt=\"\" class=\"wp-image-175\" srcset=\"https:\/\/sipsrodaslaska.pl\/wp-content\/uploads\/2024\/08\/funusze_2.26.04.2024-1024x768.jpg 1024w, https:\/\/sipsrodaslaska.pl\/wp-content\/uploads\/2024\/08\/funusze_2.26.04.2024-300x225.jpg 300w, https:\/\/sipsrodaslaska.pl\/wp-content\/uploads\/2024\/08\/funusze_2.26.04.2024-768x576.jpg 768w, https:\/\/sipsrodaslaska.pl\/wp-content\/uploads\/2024\/08\/funusze_2.26.04.2024-1536x1152.jpg 1536w, https:\/\/sipsrodaslaska.pl\/wp-content\/uploads\/2024\/08\/funusze_2.26.04.2024.jpg 1734w\" sizes=\"auto, (max-width: 1024px) 100vw, 1024px\" \/><figcaption class=\"wp-element-caption\">Ma\u0142a sala spotka\u0144<\/figcaption><\/figure>\n\n\n\n<figure class=\"wp-block-image size-large\"><img loading=\"lazy\" decoding=\"async\" width=\"400\" height=\"300\" data-id=\"155\" src=\"http:\/\/tjseqqc.cluster027.hosting.ovh.net\/wp-content\/uploads\/2024\/08\/zdjecie-sip1.jpg\" alt=\"\" class=\"wp-image-155\" srcset=\"https:\/\/sipsrodaslaska.pl\/wp-content\/uploads\/2024\/08\/zdjecie-sip1.jpg 400w, https:\/\/sipsrodaslaska.pl\/wp-content\/uploads\/2024\/08\/zdjecie-sip1-300x225.jpg 300w\" sizes=\"auto, (max-width: 400px) 100vw, 400px\" \/><figcaption class=\"wp-element-caption\">\u015aredzki Inkubator Przedsi\u0119biorczo\u015bci<\/figcaption><\/figure>\n<\/figure>\n","protected":false},"excerpt":{"rendered":"","protected":false},"author":1,"featured_media":0,"parent":0,"menu_order":0,"comment_status":"closed","ping_status":"closed","template":"","meta":{"footnotes":""},"class_list":["post-44","page","type-page","status-publish","hentry"],"_links":{"self":[{"href":"https:\/\/sipsrodaslaska.pl\/index.php\/wp-json\/wp\/v2\/pages\/44","targetHints":{"allow":["GET"]}}],"collection":[{"href":"https:\/\/sipsrodaslaska.pl\/index.php\/wp-json\/wp\/v2\/pages"}],"about":[{"href":"https:\/\/sipsrodaslaska.pl\/index.php\/wp-json\/wp\/v2\/types\/page"}],"author":[{"embeddable":true,"href":"https:\/\/sipsrodaslaska.pl\/index.php\/wp-json\/wp\/v2\/users\/1"}],"replies":[{"embeddable":true,"href":"https:\/\/sipsrodaslaska.pl\/index.php\/wp-json\/wp\/v2\/comments?post=44"}],"version-history":[{"count":3,"href":"https:\/\/sipsrodaslaska.pl\/index.php\/wp-json\/wp\/v2\/pages\/44\/revisions"}],"predecessor-version":[{"id":293,"href":"https:\/\/sipsrodaslaska.pl\/index.php\/wp-json\/wp\/v2\/pages\/44\/revisions\/293"}],"wp:attachment":[{"href":"https:\/\/sipsrodaslaska.pl\/index.php\/wp-json\/wp\/v2\/media?parent=44"}],"curies":[{"name":"wp","href":"https:\/\/api.w.org\/{rel}","templated":true}]}}