{"id":46,"date":"2024-07-30T21:57:16","date_gmt":"2024-07-30T21:57:16","guid":{"rendered":"http:\/\/tjseqqc.cluster027.hosting.ovh.net\/?page_id=46"},"modified":"2026-02-24T22:30:51","modified_gmt":"2026-02-24T22:30:51","slug":"firmy-w-sip","status":"publish","type":"page","link":"https:\/\/sipsrodaslaska.pl\/index.php\/firmy-w-sip\/","title":{"rendered":"Firmy w \u015aredzkim Inkubatorze Przedsi\u0119biorczo\u015bci"},"content":{"rendered":"\n<p>Pierwsi przedsi\u0119biorcy wprowadzili si\u0119 do \u015aredzkiego Inkubatora Przedsi\u0119biorczo\u015bci jesieni\u0105 2023 r. <\/p>\n\n\n\n<p><\/p>\n\n\n\n<p><strong>KTO ROZWIJA Z NAMI SW\u00d3J BIZNES?<\/strong><\/p>\n\n\n\n<div class=\"wp-block-group has-extra-small-font-size is-layout-grid wp-container-core-group-is-layout-d3b94dfc wp-block-group-is-layout-grid\" style=\"margin-top:0;margin-bottom:0;padding-top:var(--wp--preset--spacing--50);padding-bottom:var(--wp--preset--spacing--50)\">\n<figure class=\"wp-block-image size-large\"><img loading=\"lazy\" decoding=\"async\" width=\"1024\" height=\"614\" src=\"http:\/\/tjseqqc.cluster027.hosting.ovh.net\/wp-content\/uploads\/2024\/08\/AIF-Development-1-1024x614.png\" alt=\"\" class=\"wp-image-279\" srcset=\"https:\/\/sipsrodaslaska.pl\/wp-content\/uploads\/2024\/08\/AIF-Development-1-1024x614.png 1024w, https:\/\/sipsrodaslaska.pl\/wp-content\/uploads\/2024\/08\/AIF-Development-1-300x180.png 300w, https:\/\/sipsrodaslaska.pl\/wp-content\/uploads\/2024\/08\/AIF-Development-1-768x461.png 768w, https:\/\/sipsrodaslaska.pl\/wp-content\/uploads\/2024\/08\/AIF-Development-1-1536x922.png 1536w, https:\/\/sipsrodaslaska.pl\/wp-content\/uploads\/2024\/08\/AIF-Development-1-2048x1229.png 2048w\" sizes=\"auto, (max-width: 1024px) 100vw, 1024px\" \/><figcaption class=\"wp-element-caption\"><strong>AIF Development<\/strong> &#8211; nowoczesna sp\u00f3\u0142ka deweloperska, skupiaj\u0105ca si\u0119 na rozwoju sektora mieszkaniowego.<br><br>Wi\u0119cej na temat jej dzia\u0142alno\u015bci mo\u017cna znale\u017a\u0107 na stronie internetowej <a href=\"https:\/\/www.aifdevelopment.pl\/\" data-type=\"link\" data-id=\"https:\/\/www.aifdevelopment.pl\/\" target=\"_blank\" rel=\"noreferrer noopener\">https:\/\/www.aifdevelopment.pl\/<\/a><\/figcaption><\/figure>\n\n\n\n<figure class=\"wp-block-image size-large wp-container-content-98e6c26e\"><img loading=\"lazy\" decoding=\"async\" width=\"517\" height=\"374\" src=\"http:\/\/tjseqqc.cluster027.hosting.ovh.net\/wp-content\/uploads\/2024\/08\/Coldex-1.png\" alt=\"\" class=\"wp-image-278\" srcset=\"https:\/\/sipsrodaslaska.pl\/wp-content\/uploads\/2024\/08\/Coldex-1.png 517w, https:\/\/sipsrodaslaska.pl\/wp-content\/uploads\/2024\/08\/Coldex-1-300x217.png 300w\" sizes=\"auto, (max-width: 517px) 100vw, 517px\" \/><figcaption class=\"wp-element-caption\"><strong>COLDEX &#8211; Przemys\u0142owe Instalacje Ch\u0142odnicze Sp. z o. o.<\/strong> &#8211; firma zajmuj\u0105ca si\u0119 si\u0119 kompleksowym wykonaniem przemys\u0142owych instalacji ch\u0142odniczych i du\u017cych freonowych w zakresie: projektowania, dostawy urz\u0105dze\u0144, wykonawstwa, rozruchu oraz serwisu.<br> <a href=\"https:\/\/www.coldex.pl\/\" target=\"_blank\" rel=\"noreferrer noopener\">https:\/\/www.coldex.pl\/<\/a><\/figcaption><\/figure>\n\n\n\n<figure class=\"wp-block-image size-large\"><img loading=\"lazy\" decoding=\"async\" width=\"1024\" height=\"744\" src=\"http:\/\/tjseqqc.cluster027.hosting.ovh.net\/wp-content\/uploads\/2024\/08\/Domator1-1024x744.png\" alt=\"\" class=\"wp-image-274\" srcset=\"https:\/\/sipsrodaslaska.pl\/wp-content\/uploads\/2024\/08\/Domator1-1024x744.png 1024w, https:\/\/sipsrodaslaska.pl\/wp-content\/uploads\/2024\/08\/Domator1-300x218.png 300w, https:\/\/sipsrodaslaska.pl\/wp-content\/uploads\/2024\/08\/Domator1-768x558.png 768w, https:\/\/sipsrodaslaska.pl\/wp-content\/uploads\/2024\/08\/Domator1.png 1027w\" sizes=\"auto, (max-width: 1024px) 100vw, 1024px\" \/><figcaption class=\"wp-element-caption\"><strong>DOMATOR Zarz\u0105dzanie Nieruchomo\u015bciami El\u017cbieta Dynerowicz<\/strong> &#8211; zajmuje si\u0119 zarz\u0105dzaniem wsp\u00f3lnotami mieszkaniowymi.<br><br>Swoimi przedsi\u0119wzi\u0119ciami Domator chwali si\u0119 tutaj: <a href=\"https:\/\/www.facebook.com\/domator.zarzadzanie.wspolnotami\/?locale=pl_PL\" target=\"_blank\" rel=\"noreferrer noopener\">https:\/\/www.facebook.com\/domator.zarzadzanie.wspolnotami\/?locale=pl_PL<\/a><\/figcaption><\/figure>\n\n\n\n<figure class=\"wp-block-image size-large\"><img loading=\"lazy\" decoding=\"async\" width=\"1024\" height=\"433\" src=\"http:\/\/tjseqqc.cluster027.hosting.ovh.net\/wp-content\/uploads\/2024\/08\/Matplast-1-1024x433.jpg\" alt=\"\" class=\"wp-image-283\" srcset=\"https:\/\/sipsrodaslaska.pl\/wp-content\/uploads\/2024\/08\/Matplast-1-1024x433.jpg 1024w, https:\/\/sipsrodaslaska.pl\/wp-content\/uploads\/2024\/08\/Matplast-1-300x127.jpg 300w, https:\/\/sipsrodaslaska.pl\/wp-content\/uploads\/2024\/08\/Matplast-1-768x325.jpg 768w, https:\/\/sipsrodaslaska.pl\/wp-content\/uploads\/2024\/08\/Matplast-1-1536x650.jpg 1536w, https:\/\/sipsrodaslaska.pl\/wp-content\/uploads\/2024\/08\/Matplast-1-2048x867.jpg 2048w\" sizes=\"auto, (max-width: 1024px) 100vw, 1024px\" \/><figcaption class=\"wp-element-caption\"><strong>MATPLAST Sp. z o. o. <\/strong>&#8211; producent system\u00f3w okiennych.<br><br>O szerokiej ofercie firmy mo\u017cna przeczyta\u0107 tutaj <a href=\"https:\/\/matplast.pl\/\" target=\"_blank\" rel=\"noreferrer noopener\">https:\/\/matplast.pl\/<\/a><\/figcaption><\/figure>\n\n\n\n<p class=\"wp-container-content-98e6c26e\"><\/p>\n\n\n\n<p class=\"wp-container-content-98e6c26e\"><\/p>\n\n\n\n<p class=\"wp-container-content-98e6c26e\"><\/p>\n\n\n\n<p><\/p>\n\n\n\n<p><\/p>\n\n\n\n<p class=\"wp-container-content-98e6c26e\"><\/p>\n<\/div>\n\n\n\n<p><\/p>\n\n\n\n<p><\/p>\n\n\n\n<p><\/p>\n\n\n\n<p><\/p>\n","protected":false},"excerpt":{"rendered":"<p>Pierwsi przedsi\u0119biorcy wprowadzili si\u0119 do \u015aredzkiego Inkubatora Przedsi\u0119biorczo\u015bci jesieni\u0105 2023 r. KTO ROZWIJA Z NAMI SW\u00d3J BIZNES?<\/p>\n","protected":false},"author":1,"featured_media":0,"parent":0,"menu_order":0,"comment_status":"closed","ping_status":"closed","template":"","meta":{"footnotes":""},"class_list":["post-46","page","type-page","status-publish","hentry"],"_links":{"self":[{"href":"https:\/\/sipsrodaslaska.pl\/index.php\/wp-json\/wp\/v2\/pages\/46","targetHints":{"allow":["GET"]}}],"collection":[{"href":"https:\/\/sipsrodaslaska.pl\/index.php\/wp-json\/wp\/v2\/pages"}],"about":[{"href":"https:\/\/sipsrodaslaska.pl\/index.php\/wp-json\/wp\/v2\/types\/page"}],"author":[{"embeddable":true,"href":"https:\/\/sipsrodaslaska.pl\/index.php\/wp-json\/wp\/v2\/users\/1"}],"replies":[{"embeddable":true,"href":"https:\/\/sipsrodaslaska.pl\/index.php\/wp-json\/wp\/v2\/comments?post=46"}],"version-history":[{"count":17,"href":"https:\/\/sipsrodaslaska.pl\/index.php\/wp-json\/wp\/v2\/pages\/46\/revisions"}],"predecessor-version":[{"id":763,"href":"https:\/\/sipsrodaslaska.pl\/index.php\/wp-json\/wp\/v2\/pages\/46\/revisions\/763"}],"wp:attachment":[{"href":"https:\/\/sipsrodaslaska.pl\/index.php\/wp-json\/wp\/v2\/media?parent=46"}],"curies":[{"name":"wp","href":"https:\/\/api.w.org\/{rel}","templated":true}]}}