{"id":48,"date":"2024-07-30T21:57:31","date_gmt":"2024-07-30T21:57:31","guid":{"rendered":"http:\/\/tjseqqc.cluster027.hosting.ovh.net\/?page_id=48"},"modified":"2024-08-13T08:41:36","modified_gmt":"2024-08-13T08:41:36","slug":"do-pobrania","status":"publish","type":"page","link":"https:\/\/sipsrodaslaska.pl\/index.php\/do-pobrania\/","title":{"rendered":"Do pobrania"},"content":{"rendered":"\n<p>linki<\/p>\n\n\n\n<div class=\"wp-block-file\"><a id=\"wp-block-file--media-196dbbb9-0c52-4a73-b6d1-5e873d449cc7\" href=\"http:\/\/tjseqqc.cluster027.hosting.ovh.net\/wp-content\/uploads\/2024\/08\/Regulamin-SIP.docx\">Regulamin \u015aIP<\/a><a href=\"http:\/\/tjseqqc.cluster027.hosting.ovh.net\/wp-content\/uploads\/2024\/08\/Regulamin-SIP.docx\" class=\"wp-block-file__button wp-element-button\" download aria-describedby=\"wp-block-file--media-196dbbb9-0c52-4a73-b6d1-5e873d449cc7\">Pobierz<\/a><\/div>\n\n\n\n<div class=\"wp-block-file\"><a id=\"wp-block-file--media-53c7113c-a82f-488d-98db-eb69debcdeef\" href=\"http:\/\/tjseqqc.cluster027.hosting.ovh.net\/wp-content\/uploads\/2024\/08\/1-Zalacznik_Instrukcja-korzystania-z-aneksu-kuchennego-1.docx\">1 Za\u0142\u0105cznik_Instrukcja korzystania z aneksu kuchennego<\/a><a href=\"http:\/\/tjseqqc.cluster027.hosting.ovh.net\/wp-content\/uploads\/2024\/08\/1-Zalacznik_Instrukcja-korzystania-z-aneksu-kuchennego-1.docx\" class=\"wp-block-file__button wp-element-button\" download aria-describedby=\"wp-block-file--media-53c7113c-a82f-488d-98db-eb69debcdeef\">Pobierz<\/a><\/div>\n\n\n\n<div class=\"wp-block-file\"><a id=\"wp-block-file--media-6b8fb110-9bf8-471a-8aa2-56703969dfcf\" href=\"http:\/\/tjseqqc.cluster027.hosting.ovh.net\/wp-content\/uploads\/2024\/08\/2-Zalacznik_Instrukcja-korzystania-z-urzadzenia-wielofunkcyjnego.docx\">2 Za\u0142\u0105cznik_Instrukcja korzystania z urz\u0105dzenia wielofunkcyjnego<\/a><a href=\"http:\/\/tjseqqc.cluster027.hosting.ovh.net\/wp-content\/uploads\/2024\/08\/2-Zalacznik_Instrukcja-korzystania-z-urzadzenia-wielofunkcyjnego.docx\" class=\"wp-block-file__button wp-element-button\" download aria-describedby=\"wp-block-file--media-6b8fb110-9bf8-471a-8aa2-56703969dfcf\">Pobierz<\/a><\/div>\n\n\n\n<div class=\"wp-block-file\"><a id=\"wp-block-file--media-a0f08cb4-61a1-4539-9b56-42d45f958ff7\" href=\"http:\/\/tjseqqc.cluster027.hosting.ovh.net\/wp-content\/uploads\/2024\/08\/3-Zalacznik_Regulamin-szkolen.docx\">3 Za\u0142\u0105cznik_Regulamin szkole\u0144<\/a><a href=\"http:\/\/tjseqqc.cluster027.hosting.ovh.net\/wp-content\/uploads\/2024\/08\/3-Zalacznik_Regulamin-szkolen.docx\" class=\"wp-block-file__button wp-element-button\" download aria-describedby=\"wp-block-file--media-a0f08cb4-61a1-4539-9b56-42d45f958ff7\">Pobierz<\/a><\/div>\n\n\n\n<div class=\"wp-block-file\"><a id=\"wp-block-file--media-20563321-fba6-4af2-9f2a-6ec1d30e0236\" href=\"http:\/\/tjseqqc.cluster027.hosting.ovh.net\/wp-content\/uploads\/2024\/08\/4-Zalacznik_Regulamin-najmu-pomieszczen-magazynowych-przy-Sredzkim-Inkubatorze-Przedsiebiorczosci.docx\">4 Za\u0142\u0105cznik_Regulamin najmu pomieszcze\u0144 magazynowych przy \u015aredzkim Inkubatorze Przedsi\u0119biorczo\u015bci<\/a><a href=\"http:\/\/tjseqqc.cluster027.hosting.ovh.net\/wp-content\/uploads\/2024\/08\/4-Zalacznik_Regulamin-najmu-pomieszczen-magazynowych-przy-Sredzkim-Inkubatorze-Przedsiebiorczosci.docx\" class=\"wp-block-file__button wp-element-button\" download aria-describedby=\"wp-block-file--media-20563321-fba6-4af2-9f2a-6ec1d30e0236\">Pobierz<\/a><\/div>\n\n\n\n<div class=\"wp-block-file\"><a id=\"wp-block-file--media-fe255a64-ec6e-4503-b019-5d7e0cf31ef4\" href=\"http:\/\/tjseqqc.cluster027.hosting.ovh.net\/wp-content\/uploads\/2024\/08\/5-Zalacznik_Formularz-rezerwacji-sali-spotkan-lub-konferencyjnej.docx\">5 Za\u0142\u0105cznik_Formularz rezerwacji sali spotka\u0144 lub konferencyjnej<\/a><a href=\"http:\/\/tjseqqc.cluster027.hosting.ovh.net\/wp-content\/uploads\/2024\/08\/5-Zalacznik_Formularz-rezerwacji-sali-spotkan-lub-konferencyjnej.docx\" class=\"wp-block-file__button wp-element-button\" download aria-describedby=\"wp-block-file--media-fe255a64-ec6e-4503-b019-5d7e0cf31ef4\">Pobierz<\/a><\/div>\n\n\n\n<div class=\"wp-block-file\"><a id=\"wp-block-file--media-b1f49b66-90c8-4ecc-aeb6-98a96e4b031d\" href=\"http:\/\/tjseqqc.cluster027.hosting.ovh.net\/wp-content\/uploads\/2024\/08\/6-Zalacznik_-Formularz-rezerwacji-biurka-open-space.docx\">6 Za\u0142\u0105cznik_ Formularz rezerwacji biurka open space<\/a><a href=\"http:\/\/tjseqqc.cluster027.hosting.ovh.net\/wp-content\/uploads\/2024\/08\/6-Zalacznik_-Formularz-rezerwacji-biurka-open-space.docx\" class=\"wp-block-file__button wp-element-button\" download aria-describedby=\"wp-block-file--media-b1f49b66-90c8-4ecc-aeb6-98a96e4b031d\">Pobierz<\/a><\/div>\n\n\n\n<div class=\"wp-block-file\"><a id=\"wp-block-file--media-0b75883e-6231-4877-8131-9a1d022bdb21\" href=\"http:\/\/tjseqqc.cluster027.hosting.ovh.net\/wp-content\/uploads\/2024\/08\/Umowa-najmu-lokalu-biurowego.docx\">Umowa najmu lokalu biurowego<\/a><a href=\"http:\/\/tjseqqc.cluster027.hosting.ovh.net\/wp-content\/uploads\/2024\/08\/Umowa-najmu-lokalu-biurowego.docx\" class=\"wp-block-file__button wp-element-button\" download aria-describedby=\"wp-block-file--media-0b75883e-6231-4877-8131-9a1d022bdb21\">Pobierz<\/a><\/div>\n\n\n\n<p><\/p>\n","protected":false},"excerpt":{"rendered":"<p>linki<\/p>\n","protected":false},"author":1,"featured_media":0,"parent":0,"menu_order":0,"comment_status":"closed","ping_status":"closed","template":"","meta":{"footnotes":""},"class_list":["post-48","page","type-page","status-publish","hentry"],"_links":{"self":[{"href":"https:\/\/sipsrodaslaska.pl\/index.php\/wp-json\/wp\/v2\/pages\/48","targetHints":{"allow":["GET"]}}],"collection":[{"href":"https:\/\/sipsrodaslaska.pl\/index.php\/wp-json\/wp\/v2\/pages"}],"about":[{"href":"https:\/\/sipsrodaslaska.pl\/index.php\/wp-json\/wp\/v2\/types\/page"}],"author":[{"embeddable":true,"href":"https:\/\/sipsrodaslaska.pl\/index.php\/wp-json\/wp\/v2\/users\/1"}],"replies":[{"embeddable":true,"href":"https:\/\/sipsrodaslaska.pl\/index.php\/wp-json\/wp\/v2\/comments?post=48"}],"version-history":[{"count":4,"href":"https:\/\/sipsrodaslaska.pl\/index.php\/wp-json\/wp\/v2\/pages\/48\/revisions"}],"predecessor-version":[{"id":264,"href":"https:\/\/sipsrodaslaska.pl\/index.php\/wp-json\/wp\/v2\/pages\/48\/revisions\/264"}],"wp:attachment":[{"href":"https:\/\/sipsrodaslaska.pl\/index.php\/wp-json\/wp\/v2\/media?parent=48"}],"curies":[{"name":"wp","href":"https:\/\/api.w.org\/{rel}","templated":true}]}}