{"id":52,"date":"2024-07-30T21:58:01","date_gmt":"2024-07-30T21:58:01","guid":{"rendered":"http:\/\/tjseqqc.cluster027.hosting.ovh.net\/?page_id=52"},"modified":"2026-02-24T21:54:00","modified_gmt":"2026-02-24T21:54:00","slug":"biura","status":"publish","type":"page","link":"https:\/\/sipsrodaslaska.pl\/index.php\/biura\/","title":{"rendered":"Powierzchnie biurowe do wynaj\u0119cia"},"content":{"rendered":"\n<p>Do dyspozycji przedsi\u0119biorc\u00f3w oddajemy <strong>17 nowoczesnych lokali biurowych<\/strong> o powierzchni od 12 do 60 m<sup>2 <\/sup>\u2013 w tym open space. Ka\u017cdy z nich posiada indywidualn\u0105 klimatyzacj\u0119 i dost\u0119p do Internetu. <\/p>\n\n\n\n<p><strong>Wygoda i komfort<\/strong><\/p>\n\n\n\n<p>Wszystkie pomieszczenia wyposa\u017cone s\u0105 w nowoczesne i ergonomiczne meble. Pozwala to koncentrowa\u0107 si\u0119 na prowadzeniu biznesu bez zb\u0119dnych trosk. Du\u017ce przeszklenia dodaj\u0105 charakteru naszej przestrzeni biurowej i zapewniaj\u0105 dost\u0119p do \u015bwiat\u0142a naturalnego, co sprzyja efektywno\u015bci i dobremu samopoczuciu os\u00f3b, kt\u00f3re pracuj\u0105 w Inkubatorze.<\/p>\n\n\n\n<p><strong>Bezpiecze\u0144stwo<\/strong><\/p>\n\n\n\n<p>Zapewniamy wysoki poziom bezpiecze\u0144stwa poprzez system kontroli dost\u0119pu. Nasz budynek jest monitorowany przez ca\u0142\u0105 dob\u0119, dzi\u0119ki czemu mo\u017cecie Pa\u0144stwo mie\u0107 pewno\u015b\u0107, \u017ce wasze biuro oraz dane s\u0105 bezpieczne.<\/p>\n\n\n\n<p><strong>\u015awietnie wyposa\u017cone zaplecze socjalne<\/strong><\/p>\n\n\n\n<p>Najemcy przestrzeni biurowej w ramach umowy otrzymuj\u0105 dost\u0119p do w pe\u0142ni wyposa\u017conej kuchni, w kt\u00f3rej znajd\u0105 wszystkie niezb\u0119dne naczynia oraz p\u0142yt\u0119 indukcyjn\u0105, lod\u00f3wk\u0119, kuchenk\u0119 mikrofalow\u0105 i ekspres do kawy.<\/p>\n\n\n\n<p><strong>Dost\u0119pno\u015b\u0107 dla os\u00f3b z niepe\u0142nosprawno\u015bci\u0105<\/strong><\/p>\n\n\n\n<p>Siedziba \u015aredzkiego Inkubatora Przedsi\u0119biorczo\u015bci zosta\u0142a zaprojektowana z my\u015bl\u0105 o zapewnieniu \u0142atwego dost\u0119pu i pe\u0142nej funkcjonalno\u015bci dla os\u00f3b z niepe\u0142nosprawno\u015bci\u0105. Szerokie korytarze, winda przystosowana do potrzeb os\u00f3b poruszaj\u0105cych si\u0119 na w\u00f3zkach inwalidzkich oraz inne udogodnienia sprawiaj\u0105, \u017ce nasz obiekt jest przyjazny dla wszystkich.<\/p>\n\n\n\n<figure class=\"wp-block-gallery has-nested-images columns-default is-cropped wp-block-gallery-1 is-layout-flex wp-block-gallery-is-layout-flex\">\n<figure class=\"wp-block-image size-large\"><img loading=\"lazy\" decoding=\"async\" width=\"1024\" height=\"781\" data-id=\"197\" src=\"http:\/\/tjseqqc.cluster027.hosting.ovh.net\/wp-content\/uploads\/2024\/07\/biuro1-1024x781.jpg\" alt=\"\" class=\"wp-image-197\" srcset=\"https:\/\/sipsrodaslaska.pl\/wp-content\/uploads\/2024\/07\/biuro1-1024x781.jpg 1024w, https:\/\/sipsrodaslaska.pl\/wp-content\/uploads\/2024\/07\/biuro1-300x229.jpg 300w, https:\/\/sipsrodaslaska.pl\/wp-content\/uploads\/2024\/07\/biuro1-768x586.jpg 768w, https:\/\/sipsrodaslaska.pl\/wp-content\/uploads\/2024\/07\/biuro1-1536x1172.jpg 1536w, https:\/\/sipsrodaslaska.pl\/wp-content\/uploads\/2024\/07\/biuro1-2048x1562.jpg 2048w\" sizes=\"auto, (max-width: 1024px) 100vw, 1024px\" \/><figcaption class=\"wp-element-caption\">Lokal biurowy<\/figcaption><\/figure>\n\n\n\n<figure class=\"wp-block-image size-large\"><img loading=\"lazy\" decoding=\"async\" width=\"1024\" height=\"768\" data-id=\"156\" src=\"http:\/\/tjseqqc.cluster027.hosting.ovh.net\/wp-content\/uploads\/2024\/08\/2.pomieszczenie-wieksze1-1024x768.jpg\" alt=\"\" class=\"wp-image-156\" srcset=\"https:\/\/sipsrodaslaska.pl\/wp-content\/uploads\/2024\/08\/2.pomieszczenie-wieksze1-1024x768.jpg 1024w, https:\/\/sipsrodaslaska.pl\/wp-content\/uploads\/2024\/08\/2.pomieszczenie-wieksze1-300x225.jpg 300w, https:\/\/sipsrodaslaska.pl\/wp-content\/uploads\/2024\/08\/2.pomieszczenie-wieksze1-768x576.jpg 768w, https:\/\/sipsrodaslaska.pl\/wp-content\/uploads\/2024\/08\/2.pomieszczenie-wieksze1-1536x1152.jpg 1536w, https:\/\/sipsrodaslaska.pl\/wp-content\/uploads\/2024\/08\/2.pomieszczenie-wieksze1-2048x1536.jpg 2048w\" sizes=\"auto, (max-width: 1024px) 100vw, 1024px\" \/><figcaption class=\"wp-element-caption\">Lokal biurowy<\/figcaption><\/figure>\n\n\n\n<figure class=\"wp-block-image size-large\"><img loading=\"lazy\" decoding=\"async\" width=\"1024\" height=\"768\" data-id=\"178\" src=\"http:\/\/tjseqqc.cluster027.hosting.ovh.net\/wp-content\/uploads\/2024\/08\/1.pomieszczenie-wieksze-1024x768.jpg\" alt=\"\" class=\"wp-image-178\" srcset=\"https:\/\/sipsrodaslaska.pl\/wp-content\/uploads\/2024\/08\/1.pomieszczenie-wieksze-1024x768.jpg 1024w, https:\/\/sipsrodaslaska.pl\/wp-content\/uploads\/2024\/08\/1.pomieszczenie-wieksze-300x225.jpg 300w, https:\/\/sipsrodaslaska.pl\/wp-content\/uploads\/2024\/08\/1.pomieszczenie-wieksze-768x576.jpg 768w, https:\/\/sipsrodaslaska.pl\/wp-content\/uploads\/2024\/08\/1.pomieszczenie-wieksze-1536x1152.jpg 1536w, https:\/\/sipsrodaslaska.pl\/wp-content\/uploads\/2024\/08\/1.pomieszczenie-wieksze-2048x1536.jpg 2048w\" sizes=\"auto, (max-width: 1024px) 100vw, 1024px\" \/><figcaption class=\"wp-element-caption\">Lokal biurowy<\/figcaption><\/figure>\n\n\n\n<figure class=\"wp-block-image size-large\"><img loading=\"lazy\" decoding=\"async\" width=\"1024\" height=\"673\" data-id=\"610\" src=\"http:\/\/tjseqqc.cluster027.hosting.ovh.net\/wp-content\/uploads\/2025\/02\/DSC_0938HDR-1-1024x673.jpg\" alt=\"\" class=\"wp-image-610\" srcset=\"https:\/\/sipsrodaslaska.pl\/wp-content\/uploads\/2025\/02\/DSC_0938HDR-1-1024x673.jpg 1024w, https:\/\/sipsrodaslaska.pl\/wp-content\/uploads\/2025\/02\/DSC_0938HDR-1-300x197.jpg 300w, https:\/\/sipsrodaslaska.pl\/wp-content\/uploads\/2025\/02\/DSC_0938HDR-1-768x504.jpg 768w, https:\/\/sipsrodaslaska.pl\/wp-content\/uploads\/2025\/02\/DSC_0938HDR-1-1536x1009.jpg 1536w, https:\/\/sipsrodaslaska.pl\/wp-content\/uploads\/2025\/02\/DSC_0938HDR-1-2048x1345.jpg 2048w\" sizes=\"auto, (max-width: 1024px) 100vw, 1024px\" \/><figcaption class=\"wp-element-caption\">Lokal biurowy<\/figcaption><\/figure>\n<\/figure>\n","protected":false},"excerpt":{"rendered":"<p>Do dyspozycji przedsi\u0119biorc\u00f3w oddajemy 17 nowoczesnych lokali biurowych o powierzchni od 12 do 60 m2 \u2013 w tym open space. Ka\u017cdy z nich posiada indywidualn\u0105 klimatyzacj\u0119 i dost\u0119p do Internetu. Wygoda i komfort Wszystkie pomieszczenia wyposa\u017cone s\u0105 w nowoczesne i ergonomiczne meble. Pozwala to koncentrowa\u0107 si\u0119 na prowadzeniu biznesu bez zb\u0119dnych trosk. Du\u017ce przeszklenia dodaj\u0105&hellip;<\/p>\n","protected":false},"author":1,"featured_media":0,"parent":0,"menu_order":0,"comment_status":"closed","ping_status":"closed","template":"","meta":{"footnotes":""},"class_list":["post-52","page","type-page","status-publish","hentry"],"_links":{"self":[{"href":"https:\/\/sipsrodaslaska.pl\/index.php\/wp-json\/wp\/v2\/pages\/52","targetHints":{"allow":["GET"]}}],"collection":[{"href":"https:\/\/sipsrodaslaska.pl\/index.php\/wp-json\/wp\/v2\/pages"}],"about":[{"href":"https:\/\/sipsrodaslaska.pl\/index.php\/wp-json\/wp\/v2\/types\/page"}],"author":[{"embeddable":true,"href":"https:\/\/sipsrodaslaska.pl\/index.php\/wp-json\/wp\/v2\/users\/1"}],"replies":[{"embeddable":true,"href":"https:\/\/sipsrodaslaska.pl\/index.php\/wp-json\/wp\/v2\/comments?post=52"}],"version-history":[{"count":18,"href":"https:\/\/sipsrodaslaska.pl\/index.php\/wp-json\/wp\/v2\/pages\/52\/revisions"}],"predecessor-version":[{"id":753,"href":"https:\/\/sipsrodaslaska.pl\/index.php\/wp-json\/wp\/v2\/pages\/52\/revisions\/753"}],"wp:attachment":[{"href":"https:\/\/sipsrodaslaska.pl\/index.php\/wp-json\/wp\/v2\/media?parent=52"}],"curies":[{"name":"wp","href":"https:\/\/api.w.org\/{rel}","templated":true}]}}