{"id":54,"date":"2024-07-30T21:58:17","date_gmt":"2024-07-30T21:58:17","guid":{"rendered":"http:\/\/tjseqqc.cluster027.hosting.ovh.net\/?page_id=54"},"modified":"2026-02-24T22:07:28","modified_gmt":"2026-02-24T22:07:28","slug":"wynajem","status":"publish","type":"page","link":"https:\/\/sipsrodaslaska.pl\/index.php\/wynajem\/","title":{"rendered":"Wynajem sali na konferencje lub szkolenia"},"content":{"rendered":"\n<ol class=\"wp-block-list\"><\/ol>\n\n\n\n<p><strong>SALA KONFERENCYJNA<\/strong> \u2013 o powierzchni 68 m<sup>2<\/sup>, przeznaczona dla oko\u0142o 70 os\u00f3b; sala jest wyposa\u017cona w wysokiej klasy sprz\u0119t (nag\u0142o\u015bnienie, projektor, mobilny flipchart); przylega do niej foyer o podobnej powierzchni, w kt\u00f3rym mo\u017cna zorganizowa\u0107 np. przerw\u0119 kawow\u0105; ca\u0142o\u015b\u0107 jest klimatyzowana.<\/p>\n\n\n\n<div class=\"wp-block-cover\" style=\"min-height:501px;aspect-ratio:unset;\"><img loading=\"lazy\" decoding=\"async\" width=\"1024\" height=\"768\" class=\"wp-block-cover__image-background wp-image-211\" alt=\"\" src=\"http:\/\/tjseqqc.cluster027.hosting.ovh.net\/wp-content\/uploads\/2024\/08\/konferencyjna2-1024x768.jpg\" style=\"object-position:47% 100%\" data-object-fit=\"cover\" data-object-position=\"47% 100%\" srcset=\"https:\/\/sipsrodaslaska.pl\/wp-content\/uploads\/2024\/08\/konferencyjna2-1024x768.jpg 1024w, https:\/\/sipsrodaslaska.pl\/wp-content\/uploads\/2024\/08\/konferencyjna2-300x225.jpg 300w, https:\/\/sipsrodaslaska.pl\/wp-content\/uploads\/2024\/08\/konferencyjna2-768x576.jpg 768w, https:\/\/sipsrodaslaska.pl\/wp-content\/uploads\/2024\/08\/konferencyjna2-1536x1152.jpg 1536w, https:\/\/sipsrodaslaska.pl\/wp-content\/uploads\/2024\/08\/konferencyjna2-2048x1536.jpg 2048w\" sizes=\"auto, (max-width: 1024px) 100vw, 1024px\" \/><span aria-hidden=\"true\" class=\"wp-block-cover__background has-background-dim\"><\/span><div class=\"wp-block-cover__inner-container is-layout-flow wp-block-cover-is-layout-flow\">\n<p class=\"has-text-align-center has-large-font-size\">Sala konferencyjna<\/p>\n<\/div><\/div>\n\n\n\n<p><strong>Sala konferencyjna<\/strong> \u2013 100 z\u0142 netto \/ godzina lub 1.200 z\u0142 netto \/ ca\u0142y dzie\u0144 (od 8.00 do 20.00);<\/p>\n\n\n\n<p><strong>Sala konferencyjna i foyer<\/strong> \u2013 150 z\u0142 netto \/ godzina lub 1.500 z\u0142 \/ ca\u0142y dzie\u0144 (od 8.00 do 20.00);<\/p>\n\n\n\n<p><strong>Foyer\u00a0 <\/strong>&#8211; 70 z\u0142 \/ godzina lub 800 z\u0142 \/ ca\u0142y dzie\u0144 (od 8.00 do 20.00); <\/p>\n\n\n\n<p>Zapewniamy mo\u017cliwo\u015b\u0107 organizacji cateringu. Wycena dokonywana jest w zale\u017cno\u015bci od potrzeb Klienta.<\/p>\n\n\n\n<p>Podane ceny s\u0105 cenami netto i nale\u017cy do nich doliczy\u0107 23% VAT.<\/p>\n","protected":false},"excerpt":{"rendered":"<p>SALA KONFERENCYJNA \u2013 o powierzchni 68 m2, przeznaczona dla oko\u0142o 70 os\u00f3b; sala jest wyposa\u017cona w wysokiej klasy sprz\u0119t (nag\u0142o\u015bnienie, projektor, mobilny flipchart); przylega do niej foyer o podobnej powierzchni, w kt\u00f3rym mo\u017cna zorganizowa\u0107 np. przerw\u0119 kawow\u0105; ca\u0142o\u015b\u0107 jest klimatyzowana. Sala konferencyjna \u2013 100 z\u0142 netto \/ godzina lub 1.200 z\u0142 netto \/ ca\u0142y dzie\u0144&hellip;<\/p>\n","protected":false},"author":1,"featured_media":0,"parent":0,"menu_order":0,"comment_status":"closed","ping_status":"closed","template":"","meta":{"footnotes":""},"class_list":["post-54","page","type-page","status-publish","hentry"],"_links":{"self":[{"href":"https:\/\/sipsrodaslaska.pl\/index.php\/wp-json\/wp\/v2\/pages\/54","targetHints":{"allow":["GET"]}}],"collection":[{"href":"https:\/\/sipsrodaslaska.pl\/index.php\/wp-json\/wp\/v2\/pages"}],"about":[{"href":"https:\/\/sipsrodaslaska.pl\/index.php\/wp-json\/wp\/v2\/types\/page"}],"author":[{"embeddable":true,"href":"https:\/\/sipsrodaslaska.pl\/index.php\/wp-json\/wp\/v2\/users\/1"}],"replies":[{"embeddable":true,"href":"https:\/\/sipsrodaslaska.pl\/index.php\/wp-json\/wp\/v2\/comments?post=54"}],"version-history":[{"count":7,"href":"https:\/\/sipsrodaslaska.pl\/index.php\/wp-json\/wp\/v2\/pages\/54\/revisions"}],"predecessor-version":[{"id":756,"href":"https:\/\/sipsrodaslaska.pl\/index.php\/wp-json\/wp\/v2\/pages\/54\/revisions\/756"}],"wp:attachment":[{"href":"https:\/\/sipsrodaslaska.pl\/index.php\/wp-json\/wp\/v2\/media?parent=54"}],"curies":[{"name":"wp","href":"https:\/\/api.w.org\/{rel}","templated":true}]}}