{"id":56,"date":"2024-07-30T21:58:28","date_gmt":"2024-07-30T21:58:28","guid":{"rendered":"http:\/\/tjseqqc.cluster027.hosting.ovh.net\/?page_id=56"},"modified":"2024-08-08T10:36:48","modified_gmt":"2024-08-08T10:36:48","slug":"szkolenia","status":"publish","type":"page","link":"https:\/\/sipsrodaslaska.pl\/index.php\/szkolenia\/","title":{"rendered":"Szkolenia"},"content":{"rendered":"\n<p><\/p>\n\n\n\n<p>Chcesz podnosi\u0107 kwalifikacje swoich pracownik\u00f3w, jednak nie masz czasu na organizacj\u0119 szkole\u0144?<\/p>\n\n\n\n<p>\u015aredzki Inkubator Przedsi\u0119biorczo\u015bci to instytucja otoczenia biznesu, kt\u00f3ra nie tylko udost\u0119pnia przestrze\u0144 <br>biurowo-konferencyjn\u0105, ale wspiera r\u00f3wnie\u017c rozw\u00f3j umiej\u0119tno\u015bci zawodowych<br>i osobistych kompetencji przedsi\u0119biorc\u00f3w oraz os\u00f3b, kt\u00f3re chc\u0105 do\u0142\u0105czy\u0107 do ich grona.<\/p>\n\n\n\n<p>Opr\u00f3cz przedsi\u0119wzi\u0119\u0107 w\u0142asnych jeste\u015bmy tak\u017ce otwarci na propozycje wsp\u00f3\u0142pracy w zakresie organizacji szkole\u0144 i konferencji, \u015bniada\u0144 biznesowych oraz event\u00f3w firmowych. Doskona\u0142ym uzupe\u0142nieniem przestrzeni konferencyjnej jest du\u017cy teren zielony wok\u00f3\u0142 \u015aredzkiego Inkubatora Przedsi\u0119biorczo\u015bci, na kt\u00f3rym odbywaj\u0105 si\u0119 targi, eventy i pokazy.<\/p>\n\n\n\n<p>Uczestnicy wydarze\u0144 organizowanych w \u015aredzkim Inkubatorze Przedsi\u0119biorczo\u015bci maj\u0105 do dyspozycji bezp\u0142atny parking.<\/p>\n","protected":false},"excerpt":{"rendered":"<p>Chcesz podnosi\u0107 kwalifikacje swoich pracownik\u00f3w, jednak nie masz czasu na organizacj\u0119 szkole\u0144? \u015aredzki Inkubator Przedsi\u0119biorczo\u015bci to instytucja otoczenia biznesu, kt\u00f3ra nie tylko udost\u0119pnia przestrze\u0144 biurowo-konferencyjn\u0105, ale wspiera r\u00f3wnie\u017c rozw\u00f3j umiej\u0119tno\u015bci zawodowychi osobistych kompetencji przedsi\u0119biorc\u00f3w oraz os\u00f3b, kt\u00f3re chc\u0105 do\u0142\u0105czy\u0107 do ich grona. Opr\u00f3cz przedsi\u0119wzi\u0119\u0107 w\u0142asnych jeste\u015bmy tak\u017ce otwarci na propozycje wsp\u00f3\u0142pracy w zakresie organizacji szkole\u0144&hellip;<\/p>\n","protected":false},"author":1,"featured_media":0,"parent":0,"menu_order":0,"comment_status":"closed","ping_status":"closed","template":"","meta":{"footnotes":""},"class_list":["post-56","page","type-page","status-publish","hentry"],"_links":{"self":[{"href":"https:\/\/sipsrodaslaska.pl\/index.php\/wp-json\/wp\/v2\/pages\/56","targetHints":{"allow":["GET"]}}],"collection":[{"href":"https:\/\/sipsrodaslaska.pl\/index.php\/wp-json\/wp\/v2\/pages"}],"about":[{"href":"https:\/\/sipsrodaslaska.pl\/index.php\/wp-json\/wp\/v2\/types\/page"}],"author":[{"embeddable":true,"href":"https:\/\/sipsrodaslaska.pl\/index.php\/wp-json\/wp\/v2\/users\/1"}],"replies":[{"embeddable":true,"href":"https:\/\/sipsrodaslaska.pl\/index.php\/wp-json\/wp\/v2\/comments?post=56"}],"version-history":[{"count":4,"href":"https:\/\/sipsrodaslaska.pl\/index.php\/wp-json\/wp\/v2\/pages\/56\/revisions"}],"predecessor-version":[{"id":182,"href":"https:\/\/sipsrodaslaska.pl\/index.php\/wp-json\/wp\/v2\/pages\/56\/revisions\/182"}],"wp:attachment":[{"href":"https:\/\/sipsrodaslaska.pl\/index.php\/wp-json\/wp\/v2\/media?parent=56"}],"curies":[{"name":"wp","href":"https:\/\/api.w.org\/{rel}","templated":true}]}}