{"id":58,"date":"2024-07-30T21:58:41","date_gmt":"2024-07-30T21:58:41","guid":{"rendered":"http:\/\/tjseqqc.cluster027.hosting.ovh.net\/?page_id=58"},"modified":"2026-02-24T21:24:07","modified_gmt":"2026-02-24T21:24:07","slug":"wirtualny-adres","status":"publish","type":"page","link":"https:\/\/sipsrodaslaska.pl\/index.php\/wirtualny-adres\/","title":{"rendered":"Biuro wirtualne"},"content":{"rendered":"\n<p><strong>Biuro wirtualne to us\u0142uga dla firm, kt\u00f3ra daje Ci adres do rejestracji dzia\u0142alno\u015bci i obs\u0142ugi korespondencji, bez konieczno\u015bci wynajmowania fizycznego biura.<\/strong><\/p>\n\n\n\n<p>W ramach tej us\u0142ugi oferujemy dwa pakiety.<\/p>\n\n\n\n<p><strong>Pakiet nr 1:<\/strong><\/p>\n\n\n\n<ul class=\"wp-block-list\">\n<li>adres do rejestracji firmy<\/li>\n\n\n\n<li>obs\u0142ug\u0119 korespondencji przychodz\u0105cej &#8211; informowanie o nadej\u015bciu nowej korespondencji<\/li>\n\n\n\n<li>raz w miesi\u0105cu wysy\u0142anie korespondencji na wskazany adres \u2013 na \u017cyczenie klienta<\/li>\n\n\n\n<li>przesy\u0142anie skan\u00f3w korespondencji<\/li>\n<\/ul>\n\n\n\n<p>Miesi\u0119czny koszt us\u0142ugi \u2013 150 z\u0142 netto.<\/p>\n\n\n\n<p>&#8212;&#8212;&#8212;&#8212;&#8212;&#8212;&#8212;&#8212;&#8212;&#8212;&#8212;&#8212;&#8212;&#8212;&#8212;&#8212;&#8212;&#8212;&#8212;&#8212;&#8212;&#8212;&#8212;-<\/p>\n\n\n\n<p><strong>Pakiet nr 2:<\/strong><\/p>\n\n\n\n<p>W ramach tej us\u0142ugi oferujemy:<\/p>\n\n\n\n<ul class=\"wp-block-list\">\n<li>stanowisko pracy w open space<\/li>\n\n\n\n<li>adres do rejestracji firmy<\/li>\n\n\n\n<li>obs\u0142ug\u0119 korespondencji przychodz\u0105cej &#8211; informowanie o nadej\u015bciu nowej korespondencji<\/li>\n\n\n\n<li>raz w miesi\u0105cu wysy\u0142anie korespondencji na wskazany adres \u2013 na \u017cyczenie klienta <\/li>\n\n\n\n<li>przesy\u0142anie skan\u00f3w korespondencji<\/li>\n\n\n\n<li>skrytka pocztowa<\/li>\n\n\n\n<li>50 stron wydruku\/ksero miesi\u0119cznie.<\/li>\n<\/ul>\n\n\n\n<p>Miesi\u0119czny koszt us\u0142ugi \u2013 300 z\u0142 netto.<\/p>\n\n\n\n<p>&#8212;&#8212;&#8212;&#8212;&#8212;&#8212;&#8212;&#8212;&#8212;&#8212;&#8212;&#8212;&#8212;&#8212;&#8212;&#8212;&#8212;&#8212;&#8212;&#8212;&#8212;&#8212;&#8212;-<\/p>\n\n\n<h4><strong>Jak to dzia\u0142a?<\/strong><\/h4>\n\n\n<ol class=\"wp-block-list\">\n<li>Podpisujesz z nami umow\u0119 i dostajesz adres.<\/li>\n\n\n\n<li>Rejestrujesz firm\u0119 pod naszym adresem.<\/li>\n\n\n\n<li>Odbieramy Twoj\u0105 poczt\u0119 i informujemy Ci\u0119 o niej.<\/li>\n<\/ol>\n\n\n\n<h4 class=\"wp-block-heading\"><strong>Kiedy lepsze jest biuro wirtualne?<\/strong><\/h4>\n\n\n\n<p>Wybierz biuro wirtualne, je\u015bli:<\/p>\n\n\n\n<ul class=\"wp-block-list\">\n<li>pracujesz z domu lub zdalnie,<\/li>\n\n\n\n<li>nie przyjmujesz klient\u00f3w na miejscu,<\/li>\n\n\n\n<li>chcesz obni\u017cy\u0107 koszty,<\/li>\n\n\n\n<li>prowadzisz JDG, freelancing, startup,<\/li>\n\n\n\n<li>chcesz ukry\u0107 adres domowy.<\/li>\n<\/ul>\n","protected":false},"excerpt":{"rendered":"<p>Biuro wirtualne to us\u0142uga dla firm, kt\u00f3ra daje Ci adres do rejestracji dzia\u0142alno\u015bci i obs\u0142ugi korespondencji, bez konieczno\u015bci wynajmowania fizycznego biura. W ramach tej us\u0142ugi oferujemy dwa pakiety. Pakiet nr 1: Miesi\u0119czny koszt us\u0142ugi \u2013 150 z\u0142 netto. &#8212;&#8212;&#8212;&#8212;&#8212;&#8212;&#8212;&#8212;&#8212;&#8212;&#8212;&#8212;&#8212;&#8212;&#8212;&#8212;&#8212;&#8212;&#8212;&#8212;&#8212;&#8212;&#8212;- Pakiet nr 2: W ramach tej us\u0142ugi oferujemy: Miesi\u0119czny koszt us\u0142ugi \u2013 300 z\u0142 netto. &#8212;&#8212;&#8212;&#8212;&#8212;&#8212;&#8212;&#8212;&#8212;&#8212;&#8212;&#8212;&#8212;&#8212;&#8212;&#8212;&#8212;&#8212;&#8212;&#8212;&#8212;&#8212;&#8212;-&hellip;<\/p>\n","protected":false},"author":1,"featured_media":0,"parent":0,"menu_order":0,"comment_status":"closed","ping_status":"closed","template":"","meta":{"footnotes":""},"class_list":["post-58","page","type-page","status-publish","hentry"],"_links":{"self":[{"href":"https:\/\/sipsrodaslaska.pl\/index.php\/wp-json\/wp\/v2\/pages\/58","targetHints":{"allow":["GET"]}}],"collection":[{"href":"https:\/\/sipsrodaslaska.pl\/index.php\/wp-json\/wp\/v2\/pages"}],"about":[{"href":"https:\/\/sipsrodaslaska.pl\/index.php\/wp-json\/wp\/v2\/types\/page"}],"author":[{"embeddable":true,"href":"https:\/\/sipsrodaslaska.pl\/index.php\/wp-json\/wp\/v2\/users\/1"}],"replies":[{"embeddable":true,"href":"https:\/\/sipsrodaslaska.pl\/index.php\/wp-json\/wp\/v2\/comments?post=58"}],"version-history":[{"count":12,"href":"https:\/\/sipsrodaslaska.pl\/index.php\/wp-json\/wp\/v2\/pages\/58\/revisions"}],"predecessor-version":[{"id":740,"href":"https:\/\/sipsrodaslaska.pl\/index.php\/wp-json\/wp\/v2\/pages\/58\/revisions\/740"}],"wp:attachment":[{"href":"https:\/\/sipsrodaslaska.pl\/index.php\/wp-json\/wp\/v2\/media?parent=58"}],"curies":[{"name":"wp","href":"https:\/\/api.w.org\/{rel}","templated":true}]}}