{"id":62,"date":"2024-07-30T21:59:08","date_gmt":"2024-07-30T21:59:08","guid":{"rendered":"http:\/\/tjseqqc.cluster027.hosting.ovh.net\/?page_id=62"},"modified":"2026-02-24T21:56:54","modified_gmt":"2026-02-24T21:56:54","slug":"doradztwo","status":"publish","type":"page","link":"https:\/\/sipsrodaslaska.pl\/index.php\/doradztwo\/","title":{"rendered":"Doradztwo &#8211; firma na start"},"content":{"rendered":"\n<p><strong>Opr\u00f3cz wynajmu przestrzeni biurowej i konferencyjnej oraz dzia\u0142alno\u015bci szkoleniowej \u015aredzki Inkubator Przedsi\u0119biorczo\u015bci oferuje r\u00f3wnie\u017c wsparcie w zakresie korzystania z funduszy zewn\u0119trznych na start i rozw\u00f3j firmy.<\/strong><\/p>\n\n\n\n<p>Na bie\u017c\u0105co \u015bledzimy informacje na temat pojawiaj\u0105cych si\u0119 mo\u017cliwo\u015bci wsparcia dla sektora M\u015aP w postaci dotacji i po\u017cyczek, kt\u00f3re udzielane s\u0105 na preferencyjnych warunkach. Informujemy i doradzamy, jak i gdzie szuka\u0107 zewn\u0119trznych \u015brodk\u00f3w na rozw\u00f3j biznesu.<\/p>\n\n\n\n<p>Serdecznie zapraszamy do wsp\u00f3\u0142pracy!<\/p>\n\n\n\n<p><\/p>\n","protected":false},"excerpt":{"rendered":"<p>Opr\u00f3cz wynajmu przestrzeni biurowej i konferencyjnej oraz dzia\u0142alno\u015bci szkoleniowej \u015aredzki Inkubator Przedsi\u0119biorczo\u015bci oferuje r\u00f3wnie\u017c wsparcie w zakresie korzystania z funduszy zewn\u0119trznych na start i rozw\u00f3j firmy. Na bie\u017c\u0105co \u015bledzimy informacje na temat pojawiaj\u0105cych si\u0119 mo\u017cliwo\u015bci wsparcia dla sektora M\u015aP w postaci dotacji i po\u017cyczek, kt\u00f3re udzielane s\u0105 na preferencyjnych warunkach. Informujemy i doradzamy, jak i&hellip;<\/p>\n","protected":false},"author":1,"featured_media":0,"parent":0,"menu_order":0,"comment_status":"closed","ping_status":"closed","template":"","meta":{"footnotes":""},"class_list":["post-62","page","type-page","status-publish","hentry"],"_links":{"self":[{"href":"https:\/\/sipsrodaslaska.pl\/index.php\/wp-json\/wp\/v2\/pages\/62","targetHints":{"allow":["GET"]}}],"collection":[{"href":"https:\/\/sipsrodaslaska.pl\/index.php\/wp-json\/wp\/v2\/pages"}],"about":[{"href":"https:\/\/sipsrodaslaska.pl\/index.php\/wp-json\/wp\/v2\/types\/page"}],"author":[{"embeddable":true,"href":"https:\/\/sipsrodaslaska.pl\/index.php\/wp-json\/wp\/v2\/users\/1"}],"replies":[{"embeddable":true,"href":"https:\/\/sipsrodaslaska.pl\/index.php\/wp-json\/wp\/v2\/comments?post=62"}],"version-history":[{"count":5,"href":"https:\/\/sipsrodaslaska.pl\/index.php\/wp-json\/wp\/v2\/pages\/62\/revisions"}],"predecessor-version":[{"id":755,"href":"https:\/\/sipsrodaslaska.pl\/index.php\/wp-json\/wp\/v2\/pages\/62\/revisions\/755"}],"wp:attachment":[{"href":"https:\/\/sipsrodaslaska.pl\/index.php\/wp-json\/wp\/v2\/media?parent=62"}],"curies":[{"name":"wp","href":"https:\/\/api.w.org\/{rel}","templated":true}]}}