{"id":64,"date":"2024-07-30T21:59:24","date_gmt":"2024-07-30T21:59:24","guid":{"rendered":"http:\/\/tjseqqc.cluster027.hosting.ovh.net\/?page_id=64"},"modified":"2024-08-13T10:42:08","modified_gmt":"2024-08-13T10:42:08","slug":"zostan-przedsiebiorca","status":"publish","type":"page","link":"https:\/\/sipsrodaslaska.pl\/index.php\/zostan-przedsiebiorca\/","title":{"rendered":"Zosta\u0144 przedsi\u0119biorc\u0105"},"content":{"rendered":"\n<p>Chcesz rozpocz\u0105\u0107 prowadzenie dzia\u0142alno\u015bci gospodarczej jako indywidualny przedsi\u0119biorca?<\/p>\n\n\n\n<p>Twoim pierwszym krokiem powinno by\u0107 z\u0142o\u017cenie wniosku o wpis do Centralnej Ewidencji i Informacji o Dzia\u0142alno\u015bci Gospodarczej (CEIDG).<\/p>\n\n\n\n<p><strong>Kiedy nale\u017cy z\u0142o\u017cy\u0107 wniosek o wpis do CEIDG?<\/strong><\/p>\n\n\n\n<p>Przed rozpocz\u0119ciem wykonywania dzia\u0142alno\u015bci gospodarczej.<\/p>\n\n\n\n<p><strong>Jak z\u0142o\u017cy\u0107 wniosek o wpis do CEIDG?<\/strong><\/p>\n\n\n\n<p>Mo\u017cesz to zrobi\u0107 na dwa sposoby:<\/p>\n\n\n\n<ol class=\"wp-block-list\">\n<li>przez Internet <a href=\"https:\/\/www.biznes.gov.pl\/pl\/e-uslugi\/00_0736_00\">https:\/\/www.biznes.gov.pl\/pl\/e-uslugi\/00_0736_00<\/a><\/li>\n\n\n\n<li>poprzez udanie si\u0119 do najbli\u017cszego urz\u0119du miasta lub gminy i skorzystanie z pomocy wyznaczonego do tego pracownika.<\/li>\n<\/ol>\n\n\n\n<p><strong>Jak za\u0142o\u017cy\u0107 firm\u0119 w \u015arodzie \u015al\u0105skiej?<\/strong><\/p>\n\n\n\n<p>Je\u015bli nie potrafisz lub nie chcesz z\u0142o\u017cy\u0107 wniosku do CEIDG przez Internet, mo\u017cesz skorzysta\u0107 z pomocy pracownik\u00f3w Wydzia\u0142u Rozwoju Przedsi\u0119biorczo\u015bci i Wsp\u00f3\u0142pracy z NGO.<\/p>\n\n\n\n<p>W tym celu nale\u017cy uda\u0107 si\u0119 do Urz\u0119du Miejskiego w \u015arodzie \u015al\u0105skiej, pl. Wolno\u015bci 5, Sektor A, parter. Zach\u0119camy do wcze\u015bniejszego um\u00f3wienia si\u0119 na spotkanie \u2013 numer telefonu 71 39 60&nbsp;771 lub 71 39 60&nbsp;766.<\/p>\n\n\n\n<p>Dzia\u0142alno\u015b\u0107 gospodarcz\u0105 mo\u017cesz za\u0142o\u017cy\u0107 r\u00f3wnie\u017c w \u015aredzkim Inkubatorze Przedsi\u0119biorczo\u015bci, ul. Sp\u00f3\u0142dzielcza 1 w \u015arodzie \u015al\u0105skiej, gdzie od poniedzia\u0142ku do czwartku interesant\u00f3w przyjmuje oddelegowany pracownik Urz\u0119du Miejskiego.<\/p>\n\n\n\n<p><strong>Czym jest CEIDG?<\/strong><\/p>\n\n\n\n<p>Centralna Ewidencja i Informacja o Dzia\u0142alno\u015bci Gospodarczej to rejestr firm, kt\u00f3ry zawiera informacje <br>o przedsi\u0119biorcach prowadz\u0105cych jednoosobow\u0105 dzia\u0142alno\u015b\u0107 gospodarcz\u0105 w Polsce. <br>Je\u015bli chcesz prowadzi\u0107 tak\u0105 dzia\u0142alno\u015b\u0107, musisz si\u0119 zarejestrowa\u0107 w CEIDG.<\/p>\n\n\n\n<p>W rejestrze znajduj\u0105 si\u0119 wy\u0142\u0105cznie wpisy przedsi\u0119biorc\u00f3w, kt\u00f3rzy:<\/p>\n\n\n\n<ul class=\"wp-block-list\">\n<li>prowadz\u0105 jednoosobow\u0105 dzia\u0142alno\u015b\u0107 gospodarcz\u0105<\/li>\n\n\n\n<li>s\u0105 wsp\u00f3lnikami sp\u00f3\u0142ek cywilnych os\u00f3b fizycznych. <\/li>\n<\/ul>\n\n\n\n<p><strong>Co za\u0142atwisz w ramach wniosku o wpis do CEIDG?<\/strong><\/p>\n\n\n\n<ul class=\"wp-block-list\">\n<li><strong>VAT<\/strong><\/li>\n<\/ul>\n\n\n\n<p>Sk\u0142adaj\u0105c wniosek o wpis swojej dzia\u0142alno\u015bci do CEIDG, mo\u017cesz z\u0142o\u017cy\u0107 o\u015bwiadczenie o formie op\u0142acania podatku dochodowego oraz do\u0142\u0105czy\u0107 zg\u0142oszenie rejestracyjne albo aktualizacyjne do VAT \u2013 nie musisz sk\u0142ada\u0107 dodatkowego dokumentu w urz\u0119dzie skarbowym.<\/p>\n\n\n\n<p>Nie musisz rejestrowa\u0107 si\u0119 do VAT je\u015bli twoja sprzeda\u017c nie przekracza limitu 200 tys. z\u0142 rocznie i sprzedajesz wy\u0142\u0105cznie towary oraz us\u0142ugi zwolnione z VAT. <\/p>\n\n\n\n<ul class=\"wp-block-list\">\n<li><strong>ZUS<\/strong><\/li>\n<\/ul>\n\n\n\n<p>Jako przedsi\u0119biorca musisz zg\u0142osi\u0107 si\u0119 do ZUS jako ubezpieczony. Zrobisz to zaznaczaj\u0105c na wniosku CEIDG odpowiednie pola \u2013 nie musisz sk\u0142ada\u0107 wniosk\u00f3w do Zak\u0142adu Ubezpiecze\u0144 Spo\u0142ecznych. Dodatkowo mo\u017cesz zg\u0142osi\u0107 do ubezpieczenia cz\u0142onk\u00f3w swojej rodziny oraz pracownik\u00f3w twojej firmy i cz\u0142onk\u00f3w ich rodzin.<\/p>\n\n\n\n<p>Je\u015bli jeste\u015b rolnikiem, mo\u017cesz z\u0142o\u017cy\u0107 odpowiednie o\u015bwiadczenie dla KRUS. <\/p>\n\n\n\n<p>We wniosku o wpis do CEIDG mo\u017cesz tak\u017ce poda\u0107 informacj\u0119 o rachunkach bankowych zwi\u0105zanych z prowadzon\u0105 dzia\u0142alno\u015bci\u0105 gospodarcz\u0105.&nbsp;Jako przedsi\u0119biorca masz obowi\u0105zek poinformowa\u0107 o&nbsp;otwarciu i&nbsp;zamkni\u0119ciu ka\u017cdego rachunku bankowego zwi\u0105zanego z&nbsp;prowadzon\u0105 dzia\u0142alno\u015bci\u0105 gospodarcz\u0105. Firmowy rachunek bankowy otwiera si\u0119 dopiero po dokonaniu wpisu do CEDIG.<\/p>\n\n\n\n<p><strong>Aktualny wniosek do CEDIG oraz inne dokumenty znajduj\u0105 si\u0119 tutaj <\/strong> <a href=\"https:\/\/www.biznes.gov.pl\/pl\/portal\/03155\">https:\/\/www.biznes.gov.pl\/pl\/portal\/03155<\/a> <\/p>\n\n\n\n<p><\/p>\n\n\n\n<p><\/p>\n","protected":false},"excerpt":{"rendered":"<p>Chcesz rozpocz\u0105\u0107 prowadzenie dzia\u0142alno\u015bci gospodarczej jako indywidualny przedsi\u0119biorca? Twoim pierwszym krokiem powinno by\u0107 z\u0142o\u017cenie wniosku o wpis do Centralnej Ewidencji i Informacji o Dzia\u0142alno\u015bci Gospodarczej (CEIDG). Kiedy nale\u017cy z\u0142o\u017cy\u0107 wniosek o wpis do CEIDG? Przed rozpocz\u0119ciem wykonywania dzia\u0142alno\u015bci gospodarczej. Jak z\u0142o\u017cy\u0107 wniosek o wpis do CEIDG? Mo\u017cesz to zrobi\u0107 na dwa sposoby: Jak za\u0142o\u017cy\u0107 firm\u0119&hellip;<\/p>\n","protected":false},"author":1,"featured_media":0,"parent":0,"menu_order":0,"comment_status":"closed","ping_status":"closed","template":"","meta":{"footnotes":""},"class_list":["post-64","page","type-page","status-publish","hentry"],"_links":{"self":[{"href":"https:\/\/sipsrodaslaska.pl\/index.php\/wp-json\/wp\/v2\/pages\/64","targetHints":{"allow":["GET"]}}],"collection":[{"href":"https:\/\/sipsrodaslaska.pl\/index.php\/wp-json\/wp\/v2\/pages"}],"about":[{"href":"https:\/\/sipsrodaslaska.pl\/index.php\/wp-json\/wp\/v2\/types\/page"}],"author":[{"embeddable":true,"href":"https:\/\/sipsrodaslaska.pl\/index.php\/wp-json\/wp\/v2\/users\/1"}],"replies":[{"embeddable":true,"href":"https:\/\/sipsrodaslaska.pl\/index.php\/wp-json\/wp\/v2\/comments?post=64"}],"version-history":[{"count":7,"href":"https:\/\/sipsrodaslaska.pl\/index.php\/wp-json\/wp\/v2\/pages\/64\/revisions"}],"predecessor-version":[{"id":299,"href":"https:\/\/sipsrodaslaska.pl\/index.php\/wp-json\/wp\/v2\/pages\/64\/revisions\/299"}],"wp:attachment":[{"href":"https:\/\/sipsrodaslaska.pl\/index.php\/wp-json\/wp\/v2\/media?parent=64"}],"curies":[{"name":"wp","href":"https:\/\/api.w.org\/{rel}","templated":true}]}}