{"id":68,"date":"2024-07-30T21:59:49","date_gmt":"2024-07-30T21:59:49","guid":{"rendered":"http:\/\/tjseqqc.cluster027.hosting.ovh.net\/?page_id=68"},"modified":"2026-02-24T22:17:34","modified_gmt":"2026-02-24T22:17:34","slug":"faq","status":"publish","type":"page","link":"https:\/\/sipsrodaslaska.pl\/index.php\/faq\/","title":{"rendered":"FAQ"},"content":{"rendered":"\n<p><strong>Kto mo\u017ce zosta\u0107 najemc\u0105 przestrzeni biurowej w \u015aIP?<\/strong><br>Inkubatory przedsi\u0119biorczo\u015bci to instytucje otoczenia biznesu, kt\u00f3rych zadaniem jest przede wszystkim wspiera\u0107 tzw. m\u0142ody biznes. Oznacza to, \u017ce preferencyjnie traktowani s\u0105 przedsi\u0119biorcy, kt\u00f3rzy prowadz\u0105 dzia\u0142alno\u015b\u0107 nie d\u0142u\u017cej ni\u017c 5 lat.<\/p>\n\n\n\n<p>Je\u015bli w odpowiedzi na nab\u00f3r og\u0142oszony przez Zarz\u0105d \u015aredzkiego Inkubatora Przedsi\u0119biorczo\u015bci nie zg\u0142osi si\u0119 wystarczaj\u0105ca liczba ch\u0119tnych z grupy preferowanych przedsi\u0119biorc\u00f3w, wolne lokale b\u0119d\u0105 wynajmowane pozosta\u0142ym osobom, zainteresowanym najmem przestrzeni biurowej w \u015aIP.<\/p>\n\n\n\n<figure class=\"wp-block-gallery has-nested-images columns-default is-cropped wp-block-gallery-1 is-layout-flex wp-block-gallery-is-layout-flex\">\n<figure class=\"wp-block-image size-large\"><img loading=\"lazy\" decoding=\"async\" width=\"1024\" height=\"576\" data-id=\"161\" src=\"http:\/\/tjseqqc.cluster027.hosting.ovh.net\/wp-content\/uploads\/2024\/08\/kolaz-1024x576.png\" alt=\"\" class=\"wp-image-161\" srcset=\"https:\/\/sipsrodaslaska.pl\/wp-content\/uploads\/2024\/08\/kolaz-1024x576.png 1024w, https:\/\/sipsrodaslaska.pl\/wp-content\/uploads\/2024\/08\/kolaz-300x169.png 300w, https:\/\/sipsrodaslaska.pl\/wp-content\/uploads\/2024\/08\/kolaz-768x432.png 768w, https:\/\/sipsrodaslaska.pl\/wp-content\/uploads\/2024\/08\/kolaz-1536x864.png 1536w, https:\/\/sipsrodaslaska.pl\/wp-content\/uploads\/2024\/08\/kolaz.png 1920w\" sizes=\"auto, (max-width: 1024px) 100vw, 1024px\" \/><\/figure>\n<\/figure>\n\n\n\n<p><strong>Kto jest traktowany priorytetowo podczas naboru?<\/strong><br>Przy najmie przestrzeni biurowej priorytetowo traktowane s\u0105:<\/p>\n\n\n\n<ol style=\"list-style-type:lower-alpha\" class=\"wp-block-list\">\n<li>osoby bezrobotne, zarejestrowane w Powiatowym Urz\u0119dzie Pracy, planuj\u0105ce za\u0142o\u017cy\u0107 now\u0105 dzia\u0142alno\u015b\u0107 gospodarcz\u0105 z wykorzystaniem dotacji,<\/li>\n\n\n\n<li>osoby fizyczne, kt\u00f3re wcze\u015bniej nie prowadzi\u0142y dzia\u0142alno\u015bci gospodarczej,<\/li>\n\n\n\n<li>osoby fizyczne, zak\u0142adaj\u0105ce now\u0105 dzia\u0142alno\u015b\u0107 gospodarcz\u0105 lub prowadz\u0105ce j\u0105 nie d\u0142u\u017cej ni\u017c 3 lata, licz\u0105c od dnia rozpocz\u0119cia prowadzenia dzia\u0142alno\u015bci gospodarczej,<\/li>\n\n\n\n<li>podmioty, kt\u00f3rych dzia\u0142alno\u015b\u0107 wpisuje si\u0119 w inteligentn\u0105 specjalizacj\u0119 regionu \u2013 musi to by\u0107 g\u0142\u00f3wna dzia\u0142alno\u015b\u0107 podmiotu gospodarczego; inteligentne specjalizacje regionu zosta\u0142y okre\u015blone w Dolno\u015bl\u0105skiej Strategii Innowacji 2030 (chemia i medycyna, auto-moto-aero-space, surowce naturalne i wt\u00f3rne, maszyny i urz\u0105dzenia, \u201eZielony \u0142ad\u201d, \u201ePrzemys\u0142 4.0\u201d, \u201e\u017bycie wspomagane technologi\u0105\u201d),<\/li>\n\n\n\n<li>osoby fizyczne lub podmioty, kt\u00f3re rozliczaj\u0105 podatek dochodowy PIT\/CIT na terenie Gminy \u015aroda \u015al\u0105ska,<\/li>\n\n\n\n<li>osoby fizyczne z niepe\u0142nosprawno\u015bci\u0105 lub podmioty zatrudniaj\u0105ce osoby z niepe\u0142nosprawno\u015bci\u0105.<\/li>\n<\/ol>\n\n\n\n<p><strong>Jakie dokumenty musz\u0119 z\u0142o\u017cy\u0107, \u017ceby wzi\u0105\u0107 udzia\u0142 w naborze?<\/strong><br>Wymagane dokumenty ka\u017cdorazowo okre\u015blane s\u0105 w og\u0142aszanym naborze. Podstawowe to:<\/p>\n\n\n\n<ol class=\"wp-block-list\">\n<li>Wniosek o najem lokalu biurowego w \u015aredzkim Inkubatorze Przedsi\u0119biorczo\u015bci Sp. z o. o.,<\/li>\n\n\n\n<li>Uproszczony biznesplan (wz\u00f3r stanowi za\u0142\u0105cznik do wniosku),<\/li>\n\n\n\n<li>Wypis z Centralnej Ewidencji i Informacji o Dzia\u0142alno\u015bci Gospodarczej lub Krajowego Rejestru S\u0105dowego (je\u017celi dotyczy)<\/li>\n\n\n\n<li>Dokument potwierdzaj\u0105cy uzyskanie dofinansowania (je\u017celi dotyczy),<\/li>\n\n\n\n<li>Za\u015bwiadczenie o statusie osoby bezrobotnej (je\u017celi dotyczy),<\/li>\n\n\n\n<li>O\u015bwiadczenie o tym, \u017ce planowana lub prowadzona obecnie dzia\u0142alno\u015b\u0107 jest pierwsz\u0105 dzia\u0142alno\u015bci\u0105 gospodarcz\u0105 danej osoby fizycznej (je\u017celi dotyczy),<\/li>\n\n\n\n<li>Za\u015bwiadczenie o niezaleganiu z op\u0142acaniem podatk\u00f3w z Urz\u0119du Skarbowego (osoby prowadz\u0105ce dzia\u0142alno\u015b\u0107 gospodarcz\u0105 d\u0142u\u017cej ni\u017c rok na dzie\u0144 sk\u0142adania wniosku),<\/li>\n\n\n\n<li>Za\u015bwiadczenie o niezaleganiu z p\u0142atno\u015bciami sk\u0142adek ZUS (osoby prowadz\u0105ce dzia\u0142alno\u015b\u0107 gospodarcz\u0105 d\u0142u\u017cej ni\u017c rok na dzie\u0144 sk\u0142adania wniosku),<\/li>\n\n\n\n<li>Formularz informacji przedstawianych przy ubieganiu si\u0119 o pomoc de minimis (stanowi za\u0142\u0105cznik do wniosku),<\/li>\n\n\n\n<li>W przypadku aktywnych podmiot\u00f3w gospodarczych o\u015bwiadczenie o niewynajmowaniu\/nieu\u017cyczaniu lokalu na cele prowadzenia dzia\u0142alno\u015bci gospodarczej oraz o nieposiadaniu na w\u0142asno\u015b\u0107 takiego lokalu\/pomieszcze\u0144.<\/li>\n<\/ol>\n\n\n\n<p><strong>Na jakiego rodzaju wsparcie mog\u0105 liczy\u0107 najemcy lokali w \u015aIP?<\/strong><br>Wszyscy najemcy, prowadz\u0105cy dzia\u0142alno\u015b\u0107 w Inkubatorze, uprawnieni s\u0105 do:<\/p>\n\n\n\n<ol style=\"list-style-type:lower-alpha\" class=\"wp-block-list\">\n<li>pos\u0142ugiwania si\u0119 adresem Inkubatora,<\/li>\n\n\n\n<li>przebywania w Inkubatorze w swoim lokalu i miejscach og\u00f3lnodost\u0119pnych w godzinach otwarcia Inkubatora, tj. codziennie w godzinach 7.00-22.00,<\/li>\n\n\n\n<li>korzystania z pomieszcze\u0144 i urz\u0105dze\u0144 przeznaczonych do og\u00f3lnego u\u017cytku zgodnie z umow\u0105 najmu oraz korzystania z poszanowaniem zasad gospodarno\u015bci z medi\u00f3w i us\u0142ug zwi\u0105zanych z u\u017cytkowaniem pomieszcze\u0144: woda, energia elektryczna, ogrzewanie, wyw\u00f3z \u015bmieci, ochrona (system alarmowy),<\/li>\n\n\n\n<li>dokonywania zmian s\u0142u\u017c\u0105cych poprawie funkcjonalno\u015bci wynajmowanego lokalu u\u017cytkowego wy\u0142\u0105cznie po uzyskaniu pisemnej zgody Administratora,<\/li>\n\n\n\n<li>umieszczania reklam i znak\u00f3w firmowych we wskazanych przez Administratora miejscach promocji i poprzez zamieszczenie logo Najemcy z linkiem do jego oferty na stronie internetowej \u015aredzkiego Inkubatora Przedsi\u0119biorczo\u015bci,<\/li>\n\n\n\n<li>korzystania z 20% zni\u017cki na us\u0142ugi \u015bwiadczone w ramach dzia\u0142alno\u015bci Inkubatora (wynajem sal, szkolenia, kursy itp.). Zni\u017cka nie dotyczy us\u0142ugi druku,<\/li>\n\n\n\n<li>zg\u0142aszania opinii, sugestii, zapyta\u0144, skarg oraz wniosk\u00f3w i projekt\u00f3w usprawniaj\u0105cych organizacj\u0119 i funkcjonowanie Inkubatora.<\/li>\n<\/ol>\n\n\n\n<p>Dodatkowo w ramach umowy najmu lokalu u\u017cytkowego Najemca otrzymuje mo\u017cliwo\u015b\u0107 korzystania z:<\/p>\n\n\n\n<ol style=\"list-style-type:lower-alpha\" class=\"wp-block-list\">\n<li>przestrzeni oraz pomieszcze\u0144 przeznaczonych do u\u017cytku wsp\u00f3lnego (kuchnia, zaplecze sanitarne, pomieszczenie druku itd.),<\/li>\n\n\n\n<li>infrastruktury zewn\u0119trznej,<\/li>\n\n\n\n<li>Internetu bezprzewodowego.<\/li>\n<\/ol>\n\n\n\n<p class=\"has-vivid-green-cyan-color has-text-color has-link-color wp-elements-1f543a2ee8e7dcab97b9c3ec2d7d39c6\"><strong>Najcz\u0119stsze pytania zadawane przez osoby zak\u0142adaj\u0105ce dzia\u0142alno\u015b\u0107 gospodarcz\u0105<\/strong><\/p>\n\n\n\n<p><strong>Co jest potrzebne do za\u0142o\u017cenia firmy?<\/strong><br>Aby za\u0142o\u017cy\u0107 firm\u0119 potrzebny jest dokument to\u017csamo\u015bci (dow\u00f3d osobisty, paszport) oraz PESEL, NIP i REGON (je\u015bli zosta\u0142 nadany). Je\u015bli nie znasz swojego Numeru Identyfikacji Podatkowej, zostanie on wygenerowany przy rejestracji firmy w CEDIG.<\/p>\n\n\n\n<p><strong>Czy za pomoc w za\u0142o\u017ceniu firmy, kt\u00f3r\u0105 uzyskam w Urz\u0119dzie Miejskim, musz\u0119 wnie\u015b\u0107 jakie\u015b op\u0142aty?<\/strong><br>Nie. Us\u0142uga zak\u0142adania dzia\u0142alno\u015bci gospodarczej jest ca\u0142kowicie bezp\u0142atna. Zap\u0142acisz za ni\u0105 za to, je\u015bli zlecisz j\u0105 np. biuru rachunkowemu.<\/p>\n\n\n\n<p><strong>Czy opr\u00f3cz rejestracji w Centralnej Ewidencji i Informacji o Dzia\u0142alno\u015bci Gospodarczej (CEDIG) musz\u0119 dodatkowo zg\u0142asza\u0107 swoj\u0105 dzia\u0142alno\u015b\u0107 do Zak\u0142adu Ubezpiecze\u0144 Spo\u0142ecznych (ZUS) i urz\u0119du skarbowego?<\/strong><br>Nie. Wszystko mo\u017cesz za\u0142atwi\u0107 w trakcie rejestracji dzia\u0142alno\u015bci gospodarczej w CEDIG.<\/p>\n\n\n\n<p><strong>Co jest efektem z\u0142o\u017cenia wniosku w CEDIG?<\/strong><br>Efektem z\u0142o\u017cenia wniosku jest:<\/p>\n\n\n\n<p>&#8211; wpis do ewidencji,<br>&#8211; nadanie numeru NIP,<br>&#8211; nadanie numeru REGON,<br>&#8211; zg\u0142oszenie przedsi\u0119biorcy jako p\u0142atnika sk\u0142adek do ZUS.<\/p>\n\n\n\n<p><strong>Czy zak\u0142adaj\u0105c dzia\u0142alno\u015b\u0107 gospodarcz\u0105 z pomoc\u0105 pracownika Urz\u0119du Miejskiego, musz\u0119 wcze\u015bniej wype\u0142ni\u0107 jakie\u015b dokumenty?<\/strong><br>Nie. Wystarczy przyj\u015b\u0107 z dokumentem to\u017csamo\u015bci (dow\u00f3d osobisty lub paszport).<\/p>\n\n\n\n<p><strong>Co nale\u017cy zrobi\u0107 wcze\u015bniej \u2013 za\u0142o\u017cy\u0107 firmowe konto bankowe czy zarejestrowa\u0107 dzia\u0142alno\u015b\u0107 w CEDIG?<\/strong><br>Pierwszy krok to rejestracja w CEDIG. Dopiero po zarejestrowaniu firmy mo\u017cesz za\u0142o\u017cy\u0107 firmowe konto bankowe.<\/p>\n\n\n\n<p><strong>Czym jest ulga na start w ZUS?<\/strong><br>Ulga na start zwalnia z p\u0142acenia sk\u0142adek na ubezpieczenie spo\u0142eczne przez sze\u015b\u0107 pe\u0142nych miesi\u0119cy od rozpocz\u0119cia dzia\u0142alno\u015bci. Oznacza to, \u017ce przez sze\u015b\u0107 miesi\u0119cy zap\u0142aci\u0107 tylko sk\u0142adk\u0119 zdrowotn\u0105.<\/p>\n\n\n\n<p><strong>Co zrobi\u0107, \u017ceby dosta\u0107 ulg\u0119 na start w ZUS?<\/strong><br>Zrobisz to, wype\u0142niaj\u0105c formularz zg\u0142oszeniowy w trakcie rejestracji firmy w CEDIG. Nie musisz sk\u0142ada\u0107 dodatkowych dokument\u00f3w do ZUS.<\/p>\n\n\n\n<p>Pami\u0119taj, \u017ce ulga na start dotyczy przedsi\u0119biorc\u00f3w, kt\u00f3rzy:<br>&#8211; s\u0105 osobami fizycznymi tzn. prowadz\u0105 dzia\u0142alno\u015b\u0107 osobow\u0105 lub s\u0105 wsp\u00f3lnikami sp\u00f3\u0142ek cywilnych,<br>&#8211; podejmuj\u0105 dzia\u0142alno\u015b\u0107 gospodarcz\u0105 po raz pierwszy albo podejmuj\u0105 j\u0105 ponownie, po up\u0142ywie 60 miesi\u0119cy od dnia jej ostatniego zawieszenia lub zako\u0144czenia,<br>&#8211; nie wykonuj\u0105 dzia\u0142alno\u015bci na rzecz by\u0142ego pracodawcy, u kt\u00f3rego w bie\u017c\u0105cym roku lub w poprzednim roku kalendarzowym pracowali na etacie i wykonywali czynno\u015bci wchodz\u0105ce w zakres obecnie wykonywanej dzia\u0142alno\u015bci.<\/p>\n\n\n\n<p><strong>Co mog\u0119 zrobi\u0107 w sytuacji, gdy firma nie b\u0119dzie prosperowa\u0142a tak dobrze, jak my\u015bla\u0142em lub oka\u017ce si\u0119, <\/strong><br><strong>\u017ce z jakiego\u015b powodu przez pewien okres nie b\u0119d\u0119 m\u00f3g\u0142 prowadzi\u0107 dzia\u0142alno\u015bci?<\/strong><br>Je\u015bli z jakiego\u015b powodu potrzebujesz przerwy w prowadzeniu firmy, mo\u017cesz zawiesi\u0107 swoj\u0105 dzia\u0142alno\u015b\u0107. Zawieszenie musi trwa\u0107 co najmniej 30 dni. Je\u015bli zawiesisz dzia\u0142alno\u015b\u0107, nie b\u0119dziesz p\u0142aci\u0107 sk\u0142adek ZUS. Pami\u0119taj, \u017ce wystawienie nawet jednej faktury lub rachunku wymaga odwieszenia dzia\u0142alno\u015bci.<\/p>\n\n\n\n<p>Zawieszanie i odwieszanie dzia\u0142alno\u015bci nie wi\u0105\u017ce si\u0119 z ponoszeniem dodatkowych koszt\u00f3w \u2013 zrobisz to w ten sam spos\u00f3b, w jaki otwiera\u0142e\u015b dzia\u0142alno\u015b\u0107 gospodarcz\u0105.<\/p>\n\n\n\n<p><strong>Gdzie mog\u0119 uzyska\u0107 dofinansowanie na otwarcie dzia\u0142alno\u015bci gospodarczej?<\/strong><br>Dofinansowanie mo\u017cna uzyska\u0107 m. in. w Powiatowym Urz\u0119dzie Pracy oraz w instytucjach dystrybuuj\u0105cych \u015brodki finansowe Unii Europejskiej. Aktualne informacje znajduj\u0105 si\u0119 na stronach PUP i m. in. na https:\/\/funduszeuedolnoslaskie.pl\/. Warto sprawdzi\u0107 mo\u017cliwo\u015bci sfinansowania startu swojej firmy!<\/p>\n\n\n\n<p><\/p>\n","protected":false},"excerpt":{"rendered":"<p>Kto mo\u017ce zosta\u0107 najemc\u0105 przestrzeni biurowej w \u015aIP?Inkubatory przedsi\u0119biorczo\u015bci to instytucje otoczenia biznesu, kt\u00f3rych zadaniem jest przede wszystkim wspiera\u0107 tzw. m\u0142ody biznes. Oznacza to, \u017ce preferencyjnie traktowani s\u0105 przedsi\u0119biorcy, kt\u00f3rzy prowadz\u0105 dzia\u0142alno\u015b\u0107 nie d\u0142u\u017cej ni\u017c 5 lat. Je\u015bli w odpowiedzi na nab\u00f3r og\u0142oszony przez Zarz\u0105d \u015aredzkiego Inkubatora Przedsi\u0119biorczo\u015bci nie zg\u0142osi si\u0119 wystarczaj\u0105ca liczba ch\u0119tnych z&hellip;<\/p>\n","protected":false},"author":1,"featured_media":108,"parent":0,"menu_order":0,"comment_status":"closed","ping_status":"closed","template":"","meta":{"footnotes":""},"class_list":["post-68","page","type-page","status-publish","has-post-thumbnail","hentry"],"_links":{"self":[{"href":"https:\/\/sipsrodaslaska.pl\/index.php\/wp-json\/wp\/v2\/pages\/68","targetHints":{"allow":["GET"]}}],"collection":[{"href":"https:\/\/sipsrodaslaska.pl\/index.php\/wp-json\/wp\/v2\/pages"}],"about":[{"href":"https:\/\/sipsrodaslaska.pl\/index.php\/wp-json\/wp\/v2\/types\/page"}],"author":[{"embeddable":true,"href":"https:\/\/sipsrodaslaska.pl\/index.php\/wp-json\/wp\/v2\/users\/1"}],"replies":[{"embeddable":true,"href":"https:\/\/sipsrodaslaska.pl\/index.php\/wp-json\/wp\/v2\/comments?post=68"}],"version-history":[{"count":7,"href":"https:\/\/sipsrodaslaska.pl\/index.php\/wp-json\/wp\/v2\/pages\/68\/revisions"}],"predecessor-version":[{"id":758,"href":"https:\/\/sipsrodaslaska.pl\/index.php\/wp-json\/wp\/v2\/pages\/68\/revisions\/758"}],"wp:featuredmedia":[{"embeddable":true,"href":"https:\/\/sipsrodaslaska.pl\/index.php\/wp-json\/wp\/v2\/media\/108"}],"wp:attachment":[{"href":"https:\/\/sipsrodaslaska.pl\/index.php\/wp-json\/wp\/v2\/media?parent=68"}],"curies":[{"name":"wp","href":"https:\/\/api.w.org\/{rel}","templated":true}]}}