{"id":70,"date":"2024-07-30T22:00:05","date_gmt":"2024-07-30T22:00:05","guid":{"rendered":"http:\/\/tjseqqc.cluster027.hosting.ovh.net\/?page_id=70"},"modified":"2024-08-22T06:41:10","modified_gmt":"2024-08-22T06:41:10","slug":"poradnik-parp","status":"publish","type":"page","link":"https:\/\/sipsrodaslaska.pl\/index.php\/poradnik-parp\/","title":{"rendered":"Poradnik PARP"},"content":{"rendered":"\n<p>O tym, gdzie szuka\u0107 pomys\u0142\u00f3w na biznes, jak wystartowa\u0107 oraz \u2013 co najwa\u017cniejsze \u2013 utrzyma\u0107 si\u0119 na rynku i stale rozwija\u0107 warto przeczyta\u0107 w poradniku <em>Jak zosta\u0107 i pozosta\u0107 przedsi\u0119biorc\u0105 <\/em>opracowanym przez Polsk\u0105 Agencj\u0119 Rozwoju Przedsi\u0119biorczo\u015bci&nbsp;<\/p>\n\n\n\n<p><a href=\"https:\/\/www.parp.gov.pl\/component\/publications\/publication\/jak-zostac-i-pozostac-przedsiebiorca-wydanie-6\">https:\/\/www.parp.gov.pl\/component\/publications\/publication\/jak-zostac-i-pozostac-przedsiebiorca-wydanie-6<\/a><\/p>\n\n\n\n<p><a href=\"\"><\/a><\/p>\n\n\n\n<p><\/p>\n","protected":false},"excerpt":{"rendered":"<p>O tym, gdzie szuka\u0107 pomys\u0142\u00f3w na biznes, jak wystartowa\u0107 oraz \u2013 co najwa\u017cniejsze \u2013 utrzyma\u0107 si\u0119 na rynku i stale rozwija\u0107 warto przeczyta\u0107 w poradniku Jak zosta\u0107 i pozosta\u0107 przedsi\u0119biorc\u0105 opracowanym przez Polsk\u0105 Agencj\u0119 Rozwoju Przedsi\u0119biorczo\u015bci&nbsp; https:\/\/www.parp.gov.pl\/component\/publications\/publication\/jak-zostac-i-pozostac-przedsiebiorca-wydanie-6<\/p>\n","protected":false},"author":1,"featured_media":0,"parent":0,"menu_order":0,"comment_status":"closed","ping_status":"closed","template":"","meta":{"footnotes":""},"class_list":["post-70","page","type-page","status-publish","hentry"],"_links":{"self":[{"href":"https:\/\/sipsrodaslaska.pl\/index.php\/wp-json\/wp\/v2\/pages\/70","targetHints":{"allow":["GET"]}}],"collection":[{"href":"https:\/\/sipsrodaslaska.pl\/index.php\/wp-json\/wp\/v2\/pages"}],"about":[{"href":"https:\/\/sipsrodaslaska.pl\/index.php\/wp-json\/wp\/v2\/types\/page"}],"author":[{"embeddable":true,"href":"https:\/\/sipsrodaslaska.pl\/index.php\/wp-json\/wp\/v2\/users\/1"}],"replies":[{"embeddable":true,"href":"https:\/\/sipsrodaslaska.pl\/index.php\/wp-json\/wp\/v2\/comments?post=70"}],"version-history":[{"count":3,"href":"https:\/\/sipsrodaslaska.pl\/index.php\/wp-json\/wp\/v2\/pages\/70\/revisions"}],"predecessor-version":[{"id":308,"href":"https:\/\/sipsrodaslaska.pl\/index.php\/wp-json\/wp\/v2\/pages\/70\/revisions\/308"}],"wp:attachment":[{"href":"https:\/\/sipsrodaslaska.pl\/index.php\/wp-json\/wp\/v2\/media?parent=70"}],"curies":[{"name":"wp","href":"https:\/\/api.w.org\/{rel}","templated":true}]}}