{"id":72,"date":"2024-07-30T22:00:26","date_gmt":"2024-07-30T22:00:26","guid":{"rendered":"http:\/\/tjseqqc.cluster027.hosting.ovh.net\/?page_id=72"},"modified":"2025-02-26T15:21:23","modified_gmt":"2025-02-26T15:21:23","slug":"kontakt","status":"publish","type":"page","link":"https:\/\/sipsrodaslaska.pl\/index.php\/kontakt\/","title":{"rendered":"Kontakt"},"content":{"rendered":"\n<p><strong>\u015aredzki Inkubator Przedsi\u0119biorczo\u015bci Sp. z o. o.<\/strong><br>ul. Sp\u00f3\u0142dzielcza 1, 55-300 \u015aroda \u015al\u0105ska<br>KRS 0001007419  \/  REGON 523892568  \/  NIP 9131634483<\/p>\n\n\n\n<p>tel. 727 555 821   \/   biuro@sipsrodaslaska.pl<\/p>\n\n\n\n<p><strong>Inspektor Ochrony Danych<\/strong>:<br>email: inspektor@bezpieczne-dane.eu<\/p>\n\n\n\n<p><a href=\"https:\/\/www.facebook.com\/SredzkiInkubatorPrzedsiebiorczosci\">https:\/\/www.facebook.com\/SredzkiInkubatorPrzedsiebiorczosci<\/a><\/p>\n\n\n\n<p>Nr konta 56 1020 5242 0000 2302 0587 8188<\/p>\n\n\n<p><iframe src=\"https:\/\/www.google.com\/maps\/embed?pb=!1m18!1m12!1m3!1d10007.279957402048!2d16.580433223579103!3d51.1671079857142!2m3!1f0!2f0!3f0!3m2!1i1024!2i768!4f13.1!3m3!1m2!1s0x470fa3fd9bb5612b%3A0xe39d243e2ea690ec!2s%C5%9Aredzki%20Inkubator%20Przedsi%C4%99biorczo%C5%9Bci%20Sp.%20z%20o.o.!5e0!3m2!1spl!2spl!4v1740583207027!5m2!1spl!2spl\" width=\"600\" height=\"450\" style=\"border:0;\" allowfullscreen=\"\" loading=\"lazy\" referrerpolicy=\"no-referrer-when-downgrade\"><\/iframe><\/p>","protected":false},"excerpt":{"rendered":"<p>\u015aredzki Inkubator Przedsi\u0119biorczo\u015bci Sp. z o. o.ul. Sp\u00f3\u0142dzielcza 1, 55-300 \u015aroda \u015al\u0105skaKRS 0001007419 \/ REGON 523892568 \/ NIP 9131634483 tel. 727 555 821 \/ biuro@sipsrodaslaska.pl Inspektor Ochrony Danych:email: inspektor@bezpieczne-dane.eu https:\/\/www.facebook.com\/SredzkiInkubatorPrzedsiebiorczosci Nr konta 56 1020 5242 0000 2302 0587 8188<\/p>\n","protected":false},"author":1,"featured_media":213,"parent":0,"menu_order":0,"comment_status":"closed","ping_status":"closed","template":"","meta":{"footnotes":""},"class_list":["post-72","page","type-page","status-publish","has-post-thumbnail","hentry"],"_links":{"self":[{"href":"https:\/\/sipsrodaslaska.pl\/index.php\/wp-json\/wp\/v2\/pages\/72","targetHints":{"allow":["GET"]}}],"collection":[{"href":"https:\/\/sipsrodaslaska.pl\/index.php\/wp-json\/wp\/v2\/pages"}],"about":[{"href":"https:\/\/sipsrodaslaska.pl\/index.php\/wp-json\/wp\/v2\/types\/page"}],"author":[{"embeddable":true,"href":"https:\/\/sipsrodaslaska.pl\/index.php\/wp-json\/wp\/v2\/users\/1"}],"replies":[{"embeddable":true,"href":"https:\/\/sipsrodaslaska.pl\/index.php\/wp-json\/wp\/v2\/comments?post=72"}],"version-history":[{"count":11,"href":"https:\/\/sipsrodaslaska.pl\/index.php\/wp-json\/wp\/v2\/pages\/72\/revisions"}],"predecessor-version":[{"id":597,"href":"https:\/\/sipsrodaslaska.pl\/index.php\/wp-json\/wp\/v2\/pages\/72\/revisions\/597"}],"wp:featuredmedia":[{"embeddable":true,"href":"https:\/\/sipsrodaslaska.pl\/index.php\/wp-json\/wp\/v2\/media\/213"}],"wp:attachment":[{"href":"https:\/\/sipsrodaslaska.pl\/index.php\/wp-json\/wp\/v2\/media?parent=72"}],"curies":[{"name":"wp","href":"https:\/\/api.w.org\/{rel}","templated":true}]}}